{"id":13,"date":"2022-03-17T11:28:27","date_gmt":"2022-03-17T10:28:27","guid":{"rendered":"https:\/\/invescom.hu\/?page_id=13"},"modified":"2024-05-06T18:03:28","modified_gmt":"2024-05-06T16:03:28","slug":"iparagi-szakertelem","status":"publish","type":"page","link":"https:\/\/invescom.hu\/en\/industry-expertise\/","title":{"rendered":"Industry Expertise"},"content":{"rendered":"<div data-elementor-type=\"wp-page\" data-elementor-id=\"13\" class=\"elementor elementor-13\" data-elementor-post-type=\"page\">\n\t\t\t\t\t\t<section class=\"elementor-section elementor-top-section elementor-element elementor-element-5591f52 elementor-section-boxed elementor-section-height-default elementor-section-height-default\" data-id=\"5591f52\" data-element_type=\"section\" data-settings=\"{&quot;jet_parallax_layout_list&quot;:[]}\">\n\t\t\t\t\t\t<div class=\"elementor-container elementor-column-gap-default\">\n\t\t\t\t\t<div class=\"elementor-column elementor-col-100 elementor-top-column elementor-element elementor-element-ebb9a1b\" data-id=\"ebb9a1b\" data-element_type=\"column\">\n\t\t\t<div class=\"elementor-widget-wrap elementor-element-populated\">\n\t\t\t\t\t\t<div class=\"elementor-element elementor-element-1012355 elementor-widget elementor-widget-heading\" data-id=\"1012355\" data-element_type=\"widget\" data-widget_type=\"heading.default\">\n\t\t\t\t<div class=\"elementor-widget-container\">\n\t\t\t<h2 class=\"elementor-heading-title elementor-size-default\">INDUSTRY EXPERTISE<\/h2>\t\t<\/div>\n\t\t\t\t<\/div>\n\t\t\t\t<div class=\"elementor-element elementor-element-d095945 elementor-widget__width-initial elementor-widget elementor-widget-text-editor\" data-id=\"d095945\" data-element_type=\"widget\" data-widget_type=\"text-editor.default\">\n\t\t\t\t<div class=\"elementor-widget-container\">\n\t\t\t\t\t\t\t<p>REACH\u2019s 12 sector teams significantly contribute to successful closing of transactions in our selected sectors. Each sector team concentrates relevant transaction experience, market and industry knowledge of the whole partnership.<br \/>Members meet and exchange information on a regular basis, and through close cooperation form an international team that provides advisory support of outstanding quality to clients in joint projects.<br \/>The mission of sector teams is to provide our clients with M&amp;A services of the highest standards via accumulated international know-how and extensive sector specific investor relationships.<\/p>\t\t\t\t\t\t<\/div>\n\t\t\t\t<\/div>\n\t\t\t\t<section class=\"elementor-section elementor-inner-section elementor-element elementor-element-a2aa624 elementor-section-boxed elementor-section-height-default elementor-section-height-default\" data-id=\"a2aa624\" data-element_type=\"section\" data-settings=\"{&quot;jet_parallax_layout_list&quot;:[]}\">\n\t\t\t\t\t\t<div class=\"elementor-container elementor-column-gap-default\">\n\t\t\t\t\t<div class=\"make-column-clickable-elementor elementor-column elementor-col-25 elementor-inner-column elementor-element elementor-element-6de9ad8 iparag-box\" style=\"cursor: pointer;\" data-column-clickable=\"https:\/\/www.reachma.com\/industry_sectors\/automotive\" data-column-clickable-blank=\"_blank\" data-id=\"6de9ad8\" data-element_type=\"column\" data-settings=\"{&quot;background_background&quot;:&quot;classic&quot;}\">\n\t\t\t<div class=\"elementor-widget-wrap elementor-element-populated\">\n\t\t\t\t\t\t<div class=\"elementor-element elementor-element-305987f iparag-heading elementor-widget elementor-widget-text-editor\" data-id=\"305987f\" data-element_type=\"widget\" data-widget_type=\"text-editor.default\">\n\t\t\t\t<div class=\"elementor-widget-container\">\n\t\t\t\t\t\t\t<p>Technology<\/p>\t\t\t\t\t\t<\/div>\n\t\t\t\t<\/div>\n\t\t\t\t\t<\/div>\n\t\t<\/div>\n\t\t\t\t<div class=\"make-column-clickable-elementor elementor-column elementor-col-25 elementor-inner-column elementor-element elementor-element-c4fab53 iparag-box\" style=\"cursor: pointer;\" data-column-clickable=\"https:\/\/www.reachma.com\/industry_sectors\/food_beverages\" data-column-clickable-blank=\"_blank\" data-id=\"c4fab53\" data-element_type=\"column\" data-settings=\"{&quot;background_background&quot;:&quot;classic&quot;}\">\n\t\t\t<div class=\"elementor-widget-wrap elementor-element-populated\">\n\t\t\t\t\t\t<div class=\"elementor-element elementor-element-78642b1 iparag-heading elementor-widget elementor-widget-text-editor\" data-id=\"78642b1\" data-element_type=\"widget\" data-widget_type=\"text-editor.default\">\n\t\t\t\t<div class=\"elementor-widget-container\">\n\t\t\t\t\t\t\t<p>Food &amp; Beverage<\/p>\t\t\t\t\t\t<\/div>\n\t\t\t\t<\/div>\n\t\t\t\t\t<\/div>\n\t\t<\/div>\n\t\t\t\t<div class=\"make-column-clickable-elementor elementor-column elementor-col-25 elementor-inner-column elementor-element elementor-element-6a7609a iparag-box\" style=\"cursor: pointer;\" data-column-clickable=\"https:\/\/www.reachma.com\/industry_sectors\/industrials\" data-column-clickable-blank=\"_blank\" data-id=\"6a7609a\" data-element_type=\"column\" data-settings=\"{&quot;background_background&quot;:&quot;classic&quot;}\">\n\t\t\t<div class=\"elementor-widget-wrap elementor-element-populated\">\n\t\t\t\t\t\t<div class=\"elementor-element elementor-element-90c7290 iparag-heading elementor-widget elementor-widget-text-editor\" data-id=\"90c7290\" data-element_type=\"widget\" data-widget_type=\"text-editor.default\">\n\t\t\t\t<div class=\"elementor-widget-container\">\n\t\t\t\t\t\t\t<p>Industrials<\/p>\t\t\t\t\t\t<\/div>\n\t\t\t\t<\/div>\n\t\t\t\t\t<\/div>\n\t\t<\/div>\n\t\t\t\t<div class=\"make-column-clickable-elementor elementor-column elementor-col-25 elementor-inner-column elementor-element elementor-element-a6e846b iparag-box\" style=\"cursor: pointer;\" data-column-clickable=\"https:\/\/www.reachma.com\/industry_sectors\/automotive\" data-column-clickable-blank=\"_blank\" data-id=\"a6e846b\" data-element_type=\"column\" data-settings=\"{&quot;background_background&quot;:&quot;classic&quot;}\">\n\t\t\t<div class=\"elementor-widget-wrap elementor-element-populated\">\n\t\t\t\t\t\t<div class=\"elementor-element elementor-element-9831c55 iparag-heading elementor-widget elementor-widget-text-editor\" data-id=\"9831c55\" data-element_type=\"widget\" data-widget_type=\"text-editor.default\">\n\t\t\t\t<div class=\"elementor-widget-container\">\n\t\t\t\t\t\t\t<p>Automotive<\/p>\t\t\t\t\t\t<\/div>\n\t\t\t\t<\/div>\n\t\t\t\t\t<\/div>\n\t\t<\/div>\n\t\t\t\t\t<\/div>\n\t\t<\/section>\n\t\t\t\t<section class=\"elementor-section elementor-inner-section elementor-element elementor-element-74db866 elementor-section-boxed elementor-section-height-default elementor-section-height-default\" data-id=\"74db866\" data-element_type=\"section\" data-settings=\"{&quot;jet_parallax_layout_list&quot;:[]}\">\n\t\t\t\t\t\t<div class=\"elementor-container elementor-column-gap-default\">\n\t\t\t\t\t<div class=\"make-column-clickable-elementor elementor-column elementor-col-25 elementor-inner-column elementor-element elementor-element-fccaa45 iparag-box\" style=\"cursor: pointer;\" data-column-clickable=\"https:\/\/www.reachma.com\/industry_sectors\/packaging\" data-column-clickable-blank=\"_blank\" data-id=\"fccaa45\" data-element_type=\"column\" data-settings=\"{&quot;background_background&quot;:&quot;classic&quot;}\">\n\t\t\t<div class=\"elementor-widget-wrap elementor-element-populated\">\n\t\t\t\t\t\t<div class=\"elementor-element elementor-element-d0d3b8b iparag-heading elementor-widget elementor-widget-text-editor\" data-id=\"d0d3b8b\" data-element_type=\"widget\" data-widget_type=\"text-editor.default\">\n\t\t\t\t<div class=\"elementor-widget-container\">\n\t\t\t\t\t\t\t<p>Packaging<\/p>\t\t\t\t\t\t<\/div>\n\t\t\t\t<\/div>\n\t\t\t\t\t<\/div>\n\t\t<\/div>\n\t\t\t\t<div class=\"make-column-clickable-elementor elementor-column elementor-col-25 elementor-inner-column elementor-element elementor-element-ec25e58 iparag-box\" style=\"cursor: pointer;\" data-column-clickable=\"https:\/\/www.reachma.com\/industry_sectors\/business_services\" data-column-clickable-blank=\"_blank\" data-id=\"ec25e58\" data-element_type=\"column\" data-settings=\"{&quot;background_background&quot;:&quot;classic&quot;}\">\n\t\t\t<div class=\"elementor-widget-wrap elementor-element-populated\">\n\t\t\t\t\t\t<div class=\"elementor-element elementor-element-10cfd25 iparag-heading elementor-widget elementor-widget-text-editor\" data-id=\"10cfd25\" data-element_type=\"widget\" data-widget_type=\"text-editor.default\">\n\t\t\t\t<div class=\"elementor-widget-container\">\n\t\t\t\t\t\t\t<p>Business Services<\/p>\t\t\t\t\t\t<\/div>\n\t\t\t\t<\/div>\n\t\t\t\t\t<\/div>\n\t\t<\/div>\n\t\t\t\t<div class=\"make-column-clickable-elementor elementor-column elementor-col-25 elementor-inner-column elementor-element elementor-element-13b6a7d iparag-box\" style=\"cursor: pointer;\" data-column-clickable=\"https:\/\/www.reachma.com\/industry_sectors\/healthcare_pharmaceuticals\" data-column-clickable-blank=\"_blank\" data-id=\"13b6a7d\" data-element_type=\"column\" data-settings=\"{&quot;background_background&quot;:&quot;classic&quot;}\">\n\t\t\t<div class=\"elementor-widget-wrap elementor-element-populated\">\n\t\t\t\t\t\t<div class=\"elementor-element elementor-element-1d74903 iparag-heading elementor-widget elementor-widget-text-editor\" data-id=\"1d74903\" data-element_type=\"widget\" data-widget_type=\"text-editor.default\">\n\t\t\t\t<div class=\"elementor-widget-container\">\n\t\t\t\t\t\t\t<p>Healthcare &amp; Pharmaceuticals<\/p>\t\t\t\t\t\t<\/div>\n\t\t\t\t<\/div>\n\t\t\t\t\t<\/div>\n\t\t<\/div>\n\t\t\t\t<div class=\"make-column-clickable-elementor elementor-column elementor-col-25 elementor-inner-column elementor-element elementor-element-e90f09c iparag-box\" style=\"cursor: pointer;\" data-column-clickable=\"https:\/\/www.reachma.com\/industry_sectors\/consumer_products\" data-column-clickable-blank=\"_blank\" data-id=\"e90f09c\" data-element_type=\"column\" data-settings=\"{&quot;background_background&quot;:&quot;classic&quot;}\">\n\t\t\t<div class=\"elementor-widget-wrap elementor-element-populated\">\n\t\t\t\t\t\t<div class=\"elementor-element elementor-element-b016228 iparag-heading elementor-widget elementor-widget-text-editor\" data-id=\"b016228\" data-element_type=\"widget\" data-widget_type=\"text-editor.default\">\n\t\t\t\t<div class=\"elementor-widget-container\">\n\t\t\t\t\t\t\t<p>Consumer Products<\/p>\t\t\t\t\t\t<\/div>\n\t\t\t\t<\/div>\n\t\t\t\t\t<\/div>\n\t\t<\/div>\n\t\t\t\t\t<\/div>\n\t\t<\/section>\n\t\t\t\t<section class=\"elementor-section elementor-inner-section elementor-element elementor-element-a88cd56 elementor-section-boxed elementor-section-height-default elementor-section-height-default\" data-id=\"a88cd56\" data-element_type=\"section\" data-settings=\"{&quot;jet_parallax_layout_list&quot;:[]}\">\n\t\t\t\t\t\t<div class=\"elementor-container elementor-column-gap-default\">\n\t\t\t\t\t<div class=\"make-column-clickable-elementor elementor-column elementor-col-25 elementor-inner-column elementor-element elementor-element-0a41e4b iparag-box\" style=\"cursor: pointer;\" data-column-clickable=\"https:\/\/www.reachma.com\/industry_sectors\/leisure\" data-column-clickable-blank=\"_blank\" data-id=\"0a41e4b\" data-element_type=\"column\" data-settings=\"{&quot;background_background&quot;:&quot;classic&quot;}\">\n\t\t\t<div class=\"elementor-widget-wrap elementor-element-populated\">\n\t\t\t\t\t\t<div class=\"elementor-element elementor-element-40cf2dc iparag-heading elementor-widget elementor-widget-text-editor\" data-id=\"40cf2dc\" data-element_type=\"widget\" data-widget_type=\"text-editor.default\">\n\t\t\t\t<div class=\"elementor-widget-container\">\n\t\t\t\t\t\t\t<p>Leisure<\/p>\t\t\t\t\t\t<\/div>\n\t\t\t\t<\/div>\n\t\t\t\t\t<\/div>\n\t\t<\/div>\n\t\t\t\t<div class=\"make-column-clickable-elementor elementor-column elementor-col-25 elementor-inner-column elementor-element elementor-element-75ed807 iparag-box\" style=\"cursor: pointer;\" data-column-clickable=\"https:\/\/www.reachma.com\/industry_sectors\/energy_mining\" data-column-clickable-blank=\"_blank\" data-id=\"75ed807\" data-element_type=\"column\" data-settings=\"{&quot;background_background&quot;:&quot;classic&quot;}\">\n\t\t\t<div class=\"elementor-widget-wrap elementor-element-populated\">\n\t\t\t\t\t\t<div class=\"elementor-element elementor-element-e552aba iparag-heading elementor-widget elementor-widget-text-editor\" data-id=\"e552aba\" data-element_type=\"widget\" data-widget_type=\"text-editor.default\">\n\t\t\t\t<div class=\"elementor-widget-container\">\n\t\t\t\t\t\t\t<p>Energy &amp; Mining<\/p>\t\t\t\t\t\t<\/div>\n\t\t\t\t<\/div>\n\t\t\t\t\t<\/div>\n\t\t<\/div>\n\t\t\t\t<div class=\"make-column-clickable-elementor elementor-column elementor-col-25 elementor-inner-column elementor-element elementor-element-8f27a83 iparag-box\" style=\"cursor: pointer;\" data-column-clickable=\"https:\/\/www.reachma.com\/industry_sectors\/aerospace_defence\" data-column-clickable-blank=\"_blank\" data-id=\"8f27a83\" data-element_type=\"column\" data-settings=\"{&quot;background_background&quot;:&quot;classic&quot;}\">\n\t\t\t<div class=\"elementor-widget-wrap elementor-element-populated\">\n\t\t\t\t\t\t<div class=\"elementor-element elementor-element-f25f353 iparag-heading elementor-widget elementor-widget-text-editor\" data-id=\"f25f353\" data-element_type=\"widget\" data-widget_type=\"text-editor.default\">\n\t\t\t\t<div class=\"elementor-widget-container\">\n\t\t\t\t\t\t\t<p>Aerospace &amp; Defense<\/p>\t\t\t\t\t\t<\/div>\n\t\t\t\t<\/div>\n\t\t\t\t\t<\/div>\n\t\t<\/div>\n\t\t\t\t<div class=\"make-column-clickable-elementor elementor-column elementor-col-25 elementor-inner-column elementor-element elementor-element-054deef iparag-box\" style=\"cursor: pointer;\" data-column-clickable=\"https:\/\/www.reachma.com\/industry_sectors\/maritime_&amp;_offshore\" data-column-clickable-blank=\"_blank\" data-id=\"054deef\" data-element_type=\"column\" data-settings=\"{&quot;background_background&quot;:&quot;classic&quot;}\">\n\t\t\t<div class=\"elementor-widget-wrap elementor-element-populated\">\n\t\t\t\t\t\t<div class=\"elementor-element elementor-element-5f3d815 iparag-heading elementor-widget elementor-widget-text-editor\" data-id=\"5f3d815\" data-element_type=\"widget\" data-widget_type=\"text-editor.default\">\n\t\t\t\t<div class=\"elementor-widget-container\">\n\t\t\t\t\t\t\t<p>Maritime &amp; Offshore<\/p>\t\t\t\t\t\t<\/div>\n\t\t\t\t<\/div>\n\t\t\t\t\t<\/div>\n\t\t<\/div>\n\t\t\t\t\t<\/div>\n\t\t<\/section>\n\t\t\t\t\t<\/div>\n\t\t<\/div>\n\t\t\t\t\t<\/div>\n\t\t<\/section>\n\t\t\t\t<\/div>","protected":false},"excerpt":{"rendered":"<p>IPAR\u00c1GI SZAK\u00c9RTELEM A REACH 12 ipar\u00e1gi tan\u00e1csad\u00f3i csapata hat\u00e9konyan j\u00e1rul hozz\u00e1 a kiv\u00e1lasztott szektorokban az M&amp;A tranzakci\u00f3k sikeres lebonyol\u00edt\u00e1s\u00e1hoz. Minden szektor team \u00f6sszefogja a teljes h\u00e1l\u00f3zat relev\u00e1ns tranzakci\u00f3s tapasztalatait, piac- \u00e9s ipar\u00e1g-ismeret\u00e9t.A szektor teamek tagjai rendszeresen tal\u00e1lkoznak, inform\u00e1ci\u00f3t cser\u00e9lnek, valamint egy\u00fcttm\u0171k\u00f6d\u00e9s\u00fck r\u00e9v\u00e9n olyan nemzetk\u00f6zi csapatot alkotnak, amely a k\u00f6z\u00f6s projektek eset\u00e9n kimagasl\u00f3 sz\u00ednvonal\u00fa tan\u00e1csad\u00f3i t\u00e1mogat\u00e1st [&hellip;]<\/p>","protected":false},"author":1,"featured_media":807,"parent":0,"menu_order":0,"comment_status":"closed","ping_status":"closed","template":"","meta":{"footnotes":""},"class_list":["post-13","page","type-page","status-publish","has-post-thumbnail","hentry"],"yoast_head":"<!-- This site is optimized with the Yoast SEO plugin v24.0 - https:\/\/yoast.com\/wordpress\/plugins\/seo\/ -->\n<title>Ipar\u00e1gi szak\u00e9rtelem - Invescom - Tulajdonosi \u00e9rt\u00e9ket maximaliz\u00e1lunk<\/title>\n<meta name=\"description\" content=\"Invescom: A Global M&amp;A Partners 8 ipar\u00e1gi tan\u00e1csad\u00f3 hat\u00e9konyan j\u00e1rul hozz\u00e1 a szektorokban a ikeres tranzakci\u00f3k lebonyol\u00edt\u00e1s\u00e1hoz.\" \/>\n<meta name=\"robots\" content=\"index, follow, max-snippet:-1, max-image-preview:large, max-video-preview:-1\" \/>\n<link rel=\"canonical\" href=\"https:\/\/invescom.hu\/en\/industry-expertise\/\" \/>\n<meta property=\"og:locale\" content=\"en_GB\" \/>\n<meta property=\"og:type\" content=\"article\" \/>\n<meta property=\"og:title\" content=\"Ipar\u00e1gi szak\u00e9rtelem - Invescom - Tulajdonosi \u00e9rt\u00e9ket maximaliz\u00e1lunk\" \/>\n<meta property=\"og:description\" content=\"Invescom: A Global M&amp;A Partners 8 ipar\u00e1gi tan\u00e1csad\u00f3 hat\u00e9konyan j\u00e1rul hozz\u00e1 a szektorokban a ikeres tranzakci\u00f3k lebonyol\u00edt\u00e1s\u00e1hoz.\" \/>\n<meta property=\"og:url\" content=\"https:\/\/invescom.hu\/en\/industry-expertise\/\" \/>\n<meta property=\"og:site_name\" content=\"Invescom\" \/>\n<meta property=\"article:modified_time\" content=\"2024-05-06T16:03:28+00:00\" \/>\n<meta property=\"og:image\" content=\"https:\/\/invescom.hu\/wp-content\/uploads\/2022\/08\/icf-slider-03.jpg\" \/>\n\t<meta property=\"og:image:width\" content=\"1920\" \/>\n\t<meta property=\"og:image:height\" content=\"838\" \/>\n\t<meta property=\"og:image:type\" content=\"image\/jpeg\" \/>\n<meta name=\"twitter:card\" content=\"summary_large_image\" \/>\n<meta name=\"twitter:label1\" content=\"Estimated reading time\" \/>\n\t<meta name=\"twitter:data1\" content=\"1 minute\" \/>\n<script type=\"application\/ld+json\" class=\"yoast-schema-graph\">{\"@context\":\"https:\/\/schema.org\",\"@graph\":[{\"@type\":\"WebPage\",\"@id\":\"https:\/\/invescom.hu\/iparagi-szakertelem\/\",\"url\":\"https:\/\/invescom.hu\/iparagi-szakertelem\/\",\"name\":\"Ipar\u00e1gi szak\u00e9rtelem - Invescom - Tulajdonosi \u00e9rt\u00e9ket maximaliz\u00e1lunk\",\"isPartOf\":{\"@id\":\"https:\/\/invescom.hu\/#website\"},\"primaryImageOfPage\":{\"@id\":\"https:\/\/invescom.hu\/iparagi-szakertelem\/#primaryimage\"},\"image\":{\"@id\":\"https:\/\/invescom.hu\/iparagi-szakertelem\/#primaryimage\"},\"thumbnailUrl\":\"https:\/\/invescom.hu\/wp-content\/uploads\/2022\/08\/icf-slider-03.jpg\",\"datePublished\":\"2022-03-17T10:28:27+00:00\",\"dateModified\":\"2024-05-06T16:03:28+00:00\",\"description\":\"Invescom: A Global M&A Partners 8 ipar\u00e1gi tan\u00e1csad\u00f3 hat\u00e9konyan j\u00e1rul hozz\u00e1 a szektorokban a ikeres tranzakci\u00f3k lebonyol\u00edt\u00e1s\u00e1hoz.\",\"breadcrumb\":{\"@id\":\"https:\/\/invescom.hu\/iparagi-szakertelem\/#breadcrumb\"},\"inLanguage\":\"en-GB\",\"potentialAction\":[{\"@type\":\"ReadAction\",\"target\":[\"https:\/\/invescom.hu\/iparagi-szakertelem\/\"]}]},{\"@type\":\"ImageObject\",\"inLanguage\":\"en-GB\",\"@id\":\"https:\/\/invescom.hu\/iparagi-szakertelem\/#primaryimage\",\"url\":\"https:\/\/invescom.hu\/wp-content\/uploads\/2022\/08\/icf-slider-03.jpg\",\"contentUrl\":\"https:\/\/invescom.hu\/wp-content\/uploads\/2022\/08\/icf-slider-03.jpg\",\"width\":1920,\"height\":838,\"caption\":\"54767008 - metalworking cnc milling machine. cutting metal modern processing technology.\"},{\"@type\":\"BreadcrumbList\",\"@id\":\"https:\/\/invescom.hu\/iparagi-szakertelem\/#breadcrumb\",\"itemListElement\":[{\"@type\":\"ListItem\",\"position\":1,\"name\":\"Kezd\u0151lap\",\"item\":\"https:\/\/invescom.hu\/\"},{\"@type\":\"ListItem\",\"position\":2,\"name\":\"Ipar\u00e1gi szak\u00e9rtelem\"}]},{\"@type\":\"WebSite\",\"@id\":\"https:\/\/invescom.hu\/#website\",\"url\":\"https:\/\/invescom.hu\/\",\"name\":\"Invescom\",\"description\":\"A lehet\u0151 legjobb elad\u00e1si, vagy v\u00e9teli \u00e1rat \u00e9s optim\u00e1lis tranzakci\u00f3s felt\u00e9teleket \u00e9r\u00fcnk el az \u00fcgyfeleink sz\u00e1m\u00e1ra.\",\"publisher\":{\"@id\":\"https:\/\/invescom.hu\/#organization\"},\"alternateName\":\"Invescom\",\"potentialAction\":[{\"@type\":\"SearchAction\",\"target\":{\"@type\":\"EntryPoint\",\"urlTemplate\":\"https:\/\/invescom.hu\/?s={search_term_string}\"},\"query-input\":{\"@type\":\"PropertyValueSpecification\",\"valueRequired\":true,\"valueName\":\"search_term_string\"}}],\"inLanguage\":\"en-GB\"},{\"@type\":\"Organization\",\"@id\":\"https:\/\/invescom.hu\/#organization\",\"name\":\"Invescom T\u0151kebefektet\u00e9si Tan\u00e1csad\u00f3 Kft.\",\"alternateName\":\"Invescom\",\"url\":\"https:\/\/invescom.hu\/\",\"logo\":{\"@type\":\"ImageObject\",\"inLanguage\":\"en-GB\",\"@id\":\"https:\/\/invescom.hu\/#\/schema\/logo\/image\/\",\"url\":\"https:\/\/invescom.hu\/wp-content\/uploads\/2023\/01\/ref-logo-invescom-kiemelt-1.png\",\"contentUrl\":\"https:\/\/invescom.hu\/wp-content\/uploads\/2023\/01\/ref-logo-invescom-kiemelt-1.png\",\"width\":499,\"height\":332,\"caption\":\"Invescom T\u0151kebefektet\u00e9si Tan\u00e1csad\u00f3 Kft.\"},\"image\":{\"@id\":\"https:\/\/invescom.hu\/#\/schema\/logo\/image\/\"},\"sameAs\":[\"https:\/\/www.linkedin.com\/company\/invescom-corporate-finance\/\"]}]}<\/script>\n<!-- \/ Yoast SEO plugin. -->","yoast_head_json":{"title":"Ipar\u00e1gi szak\u00e9rtelem - Invescom - Tulajdonosi \u00e9rt\u00e9ket maximaliz\u00e1lunk","description":"Invescom: A Global M&A Partners 8 ipar\u00e1gi tan\u00e1csad\u00f3 hat\u00e9konyan j\u00e1rul hozz\u00e1 a szektorokban a ikeres tranzakci\u00f3k lebonyol\u00edt\u00e1s\u00e1hoz.","robots":{"index":"index","follow":"follow","max-snippet":"max-snippet:-1","max-image-preview":"max-image-preview:large","max-video-preview":"max-video-preview:-1"},"canonical":"https:\/\/invescom.hu\/en\/industry-expertise\/","og_locale":"en_GB","og_type":"article","og_title":"Ipar\u00e1gi szak\u00e9rtelem - Invescom - Tulajdonosi \u00e9rt\u00e9ket maximaliz\u00e1lunk","og_description":"Invescom: A Global M&A Partners 8 ipar\u00e1gi tan\u00e1csad\u00f3 hat\u00e9konyan j\u00e1rul hozz\u00e1 a szektorokban a ikeres tranzakci\u00f3k lebonyol\u00edt\u00e1s\u00e1hoz.","og_url":"https:\/\/invescom.hu\/en\/industry-expertise\/","og_site_name":"Invescom","article_modified_time":"2024-05-06T16:03:28+00:00","og_image":[{"width":1920,"height":838,"url":"https:\/\/invescom.hu\/wp-content\/uploads\/2022\/08\/icf-slider-03.jpg","type":"image\/jpeg"}],"twitter_card":"summary_large_image","twitter_misc":{"Estimated reading time":"1 minute"},"schema":{"@context":"https:\/\/schema.org","@graph":[{"@type":"WebPage","@id":"https:\/\/invescom.hu\/iparagi-szakertelem\/","url":"https:\/\/invescom.hu\/iparagi-szakertelem\/","name":"Ipar\u00e1gi szak\u00e9rtelem - Invescom - Tulajdonosi \u00e9rt\u00e9ket maximaliz\u00e1lunk","isPartOf":{"@id":"https:\/\/invescom.hu\/#website"},"primaryImageOfPage":{"@id":"https:\/\/invescom.hu\/iparagi-szakertelem\/#primaryimage"},"image":{"@id":"https:\/\/invescom.hu\/iparagi-szakertelem\/#primaryimage"},"thumbnailUrl":"https:\/\/invescom.hu\/wp-content\/uploads\/2022\/08\/icf-slider-03.jpg","datePublished":"2022-03-17T10:28:27+00:00","dateModified":"2024-05-06T16:03:28+00:00","description":"Invescom: A Global M&A Partners 8 ipar\u00e1gi tan\u00e1csad\u00f3 hat\u00e9konyan j\u00e1rul hozz\u00e1 a szektorokban a ikeres tranzakci\u00f3k lebonyol\u00edt\u00e1s\u00e1hoz.","breadcrumb":{"@id":"https:\/\/invescom.hu\/iparagi-szakertelem\/#breadcrumb"},"inLanguage":"en-GB","potentialAction":[{"@type":"ReadAction","target":["https:\/\/invescom.hu\/iparagi-szakertelem\/"]}]},{"@type":"ImageObject","inLanguage":"en-GB","@id":"https:\/\/invescom.hu\/iparagi-szakertelem\/#primaryimage","url":"https:\/\/invescom.hu\/wp-content\/uploads\/2022\/08\/icf-slider-03.jpg","contentUrl":"https:\/\/invescom.hu\/wp-content\/uploads\/2022\/08\/icf-slider-03.jpg","width":1920,"height":838,"caption":"54767008 - metalworking cnc milling machine. cutting metal modern processing technology."},{"@type":"BreadcrumbList","@id":"https:\/\/invescom.hu\/iparagi-szakertelem\/#breadcrumb","itemListElement":[{"@type":"ListItem","position":1,"name":"Kezd\u0151lap","item":"https:\/\/invescom.hu\/"},{"@type":"ListItem","position":2,"name":"Ipar\u00e1gi szak\u00e9rtelem"}]},{"@type":"WebSite","@id":"https:\/\/invescom.hu\/#website","url":"https:\/\/invescom.hu\/","name":"Invescom","description":"A lehet\u0151 legjobb elad\u00e1si, vagy v\u00e9teli \u00e1rat \u00e9s optim\u00e1lis tranzakci\u00f3s felt\u00e9teleket \u00e9r\u00fcnk el az \u00fcgyfeleink sz\u00e1m\u00e1ra.","publisher":{"@id":"https:\/\/invescom.hu\/#organization"},"alternateName":"Invescom","potentialAction":[{"@type":"SearchAction","target":{"@type":"EntryPoint","urlTemplate":"https:\/\/invescom.hu\/?s={search_term_string}"},"query-input":{"@type":"PropertyValueSpecification","valueRequired":true,"valueName":"search_term_string"}}],"inLanguage":"en-GB"},{"@type":"Organization","@id":"https:\/\/invescom.hu\/#organization","name":"Invescom T\u0151kebefektet\u00e9si Tan\u00e1csad\u00f3 Kft.","alternateName":"Invescom","url":"https:\/\/invescom.hu\/","logo":{"@type":"ImageObject","inLanguage":"en-GB","@id":"https:\/\/invescom.hu\/#\/schema\/logo\/image\/","url":"https:\/\/invescom.hu\/wp-content\/uploads\/2023\/01\/ref-logo-invescom-kiemelt-1.png","contentUrl":"https:\/\/invescom.hu\/wp-content\/uploads\/2023\/01\/ref-logo-invescom-kiemelt-1.png","width":499,"height":332,"caption":"Invescom T\u0151kebefektet\u00e9si Tan\u00e1csad\u00f3 Kft."},"image":{"@id":"https:\/\/invescom.hu\/#\/schema\/logo\/image\/"},"sameAs":["https:\/\/www.linkedin.com\/company\/invescom-corporate-finance\/"]}]}},"_links":{"self":[{"href":"https:\/\/invescom.hu\/en\/wp-json\/wp\/v2\/pages\/13","targetHints":{"allow":["GET"]}}],"collection":[{"href":"https:\/\/invescom.hu\/en\/wp-json\/wp\/v2\/pages"}],"about":[{"href":"https:\/\/invescom.hu\/en\/wp-json\/wp\/v2\/types\/page"}],"author":[{"embeddable":true,"href":"https:\/\/invescom.hu\/en\/wp-json\/wp\/v2\/users\/1"}],"replies":[{"embeddable":true,"href":"https:\/\/invescom.hu\/en\/wp-json\/wp\/v2\/comments?post=13"}],"version-history":[{"count":0,"href":"https:\/\/invescom.hu\/en\/wp-json\/wp\/v2\/pages\/13\/revisions"}],"wp:featuredmedia":[{"embeddable":true,"href":"https:\/\/invescom.hu\/en\/wp-json\/wp\/v2\/media\/807"}],"wp:attachment":[{"href":"https:\/\/invescom.hu\/en\/wp-json\/wp\/v2\/media?parent=13"}],"curies":[{"name":"wp","href":"https:\/\/api.w.org\/{rel}","templated":true}]}}