{"id":15,"date":"2022-03-17T11:28:42","date_gmt":"2022-03-17T10:28:42","guid":{"rendered":"https:\/\/invescom.hu\/?page_id=15"},"modified":"2025-06-06T19:40:38","modified_gmt":"2025-06-06T17:40:38","slug":"rolunk","status":"publish","type":"page","link":"https:\/\/invescom.hu\/en\/about-us\/","title":{"rendered":"ABOUT US"},"content":{"rendered":"<div data-elementor-type=\"wp-page\" data-elementor-id=\"15\" class=\"elementor elementor-15\" data-elementor-post-type=\"page\">\n\t\t\t\t\t\t<section class=\"elementor-section elementor-top-section elementor-element elementor-element-7c28ccb elementor-section-boxed elementor-section-height-default elementor-section-height-default\" data-id=\"7c28ccb\" data-element_type=\"section\" data-settings=\"{&quot;jet_parallax_layout_list&quot;:[],&quot;background_background&quot;:&quot;classic&quot;}\">\n\t\t\t\t\t\t<div class=\"elementor-container elementor-column-gap-default\">\n\t\t\t\t\t<div class=\"elementor-column elementor-col-100 elementor-top-column elementor-element elementor-element-d38f40d\" data-id=\"d38f40d\" data-element_type=\"column\">\n\t\t\t<div class=\"elementor-widget-wrap elementor-element-populated\">\n\t\t\t\t\t\t<div class=\"elementor-element elementor-element-22d4fe3 elementor-widget elementor-widget-heading\" data-id=\"22d4fe3\" data-element_type=\"widget\" data-widget_type=\"heading.default\">\n\t\t\t\t<div class=\"elementor-widget-container\">\n\t\t\t<h2 class=\"elementor-heading-title elementor-size-default\">ABOUT US<\/h2>\t\t<\/div>\n\t\t\t\t<\/div>\n\t\t\t\t<div class=\"elementor-element elementor-element-1062adf elementor-widget elementor-widget-text-editor\" data-id=\"1062adf\" data-element_type=\"widget\" data-widget_type=\"text-editor.default\">\n\t\t\t\t<div class=\"elementor-widget-container\">\n\t\t\t\t\t\t\t<h4>Leading CEE M&amp;A Advisory Firm<\/h4><p><span style=\"color: #000000;\">Invescom Corporate Finance is the <span style=\"color: #612081;\"><strong>longest operating<\/strong><\/span> independent M&amp;A (mergers and acquisitions) advisory firm in Hungary, with direct presence in a number of countries in <strong><span style=\"color: #612081;\">Central &amp; Eastern Europe.<\/span><\/strong> Our typical clients are market leading locally owned medium-sized and large companies, publicly listed enterprises, multinational corporations as well as venture capital and private equity firms. During our <strong><span style=\"color: #612081;\">25 years of operation<\/span><\/strong> we closed more than <span style=\"color: #612081;\"><strong>60 M&amp;A transactions<\/strong><\/span> with an aggregate value exceeding <span style=\"color: #612081;\"><strong>EUR 1 billion<\/strong><\/span><\/span> <span style=\"color: #000000;\">.<\/span><\/p>\t\t\t\t\t\t<\/div>\n\t\t\t\t<\/div>\n\t\t\t\t<div class=\"elementor-element elementor-element-dfebe2b elementor-widget elementor-widget-text-editor\" data-id=\"dfebe2b\" data-element_type=\"widget\" data-widget_type=\"text-editor.default\">\n\t\t\t\t<div class=\"elementor-widget-container\">\n\t\t\t\t\t\t\t<h4>Specialist in Cross-Border Transactions<\/h4><p>We have broad expertise in managing <strong><span style=\"color: #612081;\">international deals<\/span><\/strong> \u2013 major part of our closed transactions is cross-border. Since 2004, our firm is member of <strong><span style=\"color: #612081;\">REACH Cross-border Mergers and Acquisitions<\/span><\/strong>, a worldwide partnership of M&amp;A advisory firms specializing in cross-border mid-market transactions. Through our REACH offices in 30 countries we provide our clients with access to the <strong><span style=\"color: #612081;\">global investor universe<\/span><\/strong>. We add significant value to our customers by sharing an <strong><span style=\"color: #612081;\">entrepreneurial approach<\/span><\/strong>, while given our <strong><span style=\"color: #612081;\">international investment banking background<\/span><\/strong> we are accustomed to working in multinational corporate business culture.<\/p>\t\t\t\t\t\t<\/div>\n\t\t\t\t<\/div>\n\t\t\t\t<div class=\"elementor-element elementor-element-10ffc5e elementor-widget elementor-widget-text-editor\" data-id=\"10ffc5e\" data-element_type=\"widget\" data-widget_type=\"text-editor.default\">\n\t\t\t\t<div class=\"elementor-widget-container\">\n\t\t\t\t\t\t\t<h4>We Maximize Shareholder Value<\/h4><p class=\" translation-block\">We provide our services at international investment banking quality standards. However, it is even more important for us to <strong> <span style=\"color: #612081\">maximize<\/span><\/strong> for our clients the <strong> <span style=\"color: #612081\">shareholder value<\/span><\/strong> realized via company sale, acquisition or equity private placement, as the case may be, and to achieve the<strong> <span style=\"color: #612081\"> best possible selling (or purchase) price<\/span><\/strong> and optimum deal terms for them. Transaction terms negotiated by us and satisfaction of our clients are a proof of our value added.<\/p>\t\t\t\t\t\t<\/div>\n\t\t\t\t<\/div>\n\t\t\t\t\t<\/div>\n\t\t<\/div>\n\t\t\t\t\t<\/div>\n\t\t<\/section>\n\t\t\t\t<\/div>","protected":false},"excerpt":{"rendered":"<p>R\u00f3lunk Vezet\u0151 region\u00e1lis corporate finance tan\u00e1csad\u00f3 t\u00e1rsas\u00e1g Az Invescom Corporate Finance a legr\u00e9gebben m\u0171k\u00f6d\u0151 f\u00fcggetlen M&amp;A (c\u00e9gelad\u00e1si \u00e9s c\u00e9gv\u00e1s\u00e1rl\u00e1si) tan\u00e1csad\u00f3 c\u00e9g Magyarorsz\u00e1gon, k\u00f6zvetlen jelenl\u00e9ttel a k\u00f6zel-kelet eur\u00f3pai r\u00e9gi\u00f3 t\u00f6bb orsz\u00e1g\u00e1ban. \u00dcgyfeleink jellemz\u0151en hazai piacvezet\u0151 k\u00f6z\u00e9p- \u00e9s nagyv\u00e1llalatok, vezet\u0151 t\u0151zsdei t\u00e1rsas\u00e1gok, multinacion\u00e1lis c\u00e9gek, valamint kock\u00e1zati \u00e9s mag\u00e1nt\u0151ke t\u00e1rsas\u00e1gok. 25 \u00e9ves m\u0171k\u00f6d\u00e9s\u00fcnk sor\u00e1n t\u00f6bb mint 60 M&amp;A [&hellip;]<\/p>","protected":false},"author":1,"featured_media":870,"parent":0,"menu_order":0,"comment_status":"closed","ping_status":"closed","template":"","meta":{"footnotes":""},"class_list":["post-15","page","type-page","status-publish","has-post-thumbnail","hentry"],"yoast_head":"<!-- This site is optimized with the Yoast SEO plugin v24.0 - https:\/\/yoast.com\/wordpress\/plugins\/seo\/ -->\n<title>R\u00f3lunk - Invescom - Tulajdonosi \u00e9rt\u00e9ket maximaliz\u00e1lunk<\/title>\n<meta name=\"description\" content=\"Invescom: Az Invescom nemzetk\u00f6zi befektet\u00e9si banki sz\u00ednvonalat k\u00e9pvisel\u0151 f\u00fcggetlen k\u00f6z\u00e9p-kelet-eur\u00f3pai M&amp;A tan\u00e1csad\u00f3 t\u00e1rsas\u00e1g.\" \/>\n<meta name=\"robots\" content=\"index, follow, max-snippet:-1, max-image-preview:large, max-video-preview:-1\" \/>\n<link rel=\"canonical\" href=\"https:\/\/invescom.hu\/en\/about-us\/\" \/>\n<meta property=\"og:locale\" content=\"en_GB\" \/>\n<meta property=\"og:type\" content=\"article\" \/>\n<meta property=\"og:title\" content=\"R\u00f3lunk - Invescom - Tulajdonosi \u00e9rt\u00e9ket maximaliz\u00e1lunk\" \/>\n<meta property=\"og:description\" content=\"Invescom: Az Invescom nemzetk\u00f6zi befektet\u00e9si banki sz\u00ednvonalat k\u00e9pvisel\u0151 f\u00fcggetlen k\u00f6z\u00e9p-kelet-eur\u00f3pai M&amp;A tan\u00e1csad\u00f3 t\u00e1rsas\u00e1g.\" \/>\n<meta property=\"og:url\" content=\"https:\/\/invescom.hu\/en\/about-us\/\" \/>\n<meta property=\"og:site_name\" content=\"Invescom\" \/>\n<meta property=\"article:modified_time\" content=\"2025-06-06T17:40:38+00:00\" \/>\n<meta property=\"og:image\" content=\"https:\/\/invescom.hu\/wp-content\/uploads\/2022\/08\/invescom-team-1.jpg\" \/>\n\t<meta property=\"og:image:width\" content=\"1920\" \/>\n\t<meta property=\"og:image:height\" content=\"920\" \/>\n\t<meta property=\"og:image:type\" content=\"image\/jpeg\" \/>\n<meta name=\"twitter:card\" content=\"summary_large_image\" \/>\n<meta name=\"twitter:label1\" content=\"Estimated reading time\" \/>\n\t<meta name=\"twitter:data1\" content=\"1 minute\" \/>\n<script type=\"application\/ld+json\" class=\"yoast-schema-graph\">{\"@context\":\"https:\/\/schema.org\",\"@graph\":[{\"@type\":\"WebPage\",\"@id\":\"https:\/\/invescom.hu\/rolunk\/\",\"url\":\"https:\/\/invescom.hu\/rolunk\/\",\"name\":\"R\u00f3lunk - Invescom - Tulajdonosi \u00e9rt\u00e9ket maximaliz\u00e1lunk\",\"isPartOf\":{\"@id\":\"https:\/\/invescom.hu\/#website\"},\"primaryImageOfPage\":{\"@id\":\"https:\/\/invescom.hu\/rolunk\/#primaryimage\"},\"image\":{\"@id\":\"https:\/\/invescom.hu\/rolunk\/#primaryimage\"},\"thumbnailUrl\":\"https:\/\/invescom.hu\/wp-content\/uploads\/2022\/08\/invescom-team-1.jpg\",\"datePublished\":\"2022-03-17T10:28:42+00:00\",\"dateModified\":\"2025-06-06T17:40:38+00:00\",\"description\":\"Invescom: Az Invescom nemzetk\u00f6zi befektet\u00e9si banki sz\u00ednvonalat k\u00e9pvisel\u0151 f\u00fcggetlen k\u00f6z\u00e9p-kelet-eur\u00f3pai M&A tan\u00e1csad\u00f3 t\u00e1rsas\u00e1g.\",\"breadcrumb\":{\"@id\":\"https:\/\/invescom.hu\/rolunk\/#breadcrumb\"},\"inLanguage\":\"en-GB\",\"potentialAction\":[{\"@type\":\"ReadAction\",\"target\":[\"https:\/\/invescom.hu\/rolunk\/\"]}]},{\"@type\":\"ImageObject\",\"inLanguage\":\"en-GB\",\"@id\":\"https:\/\/invescom.hu\/rolunk\/#primaryimage\",\"url\":\"https:\/\/invescom.hu\/wp-content\/uploads\/2022\/08\/invescom-team-1.jpg\",\"contentUrl\":\"https:\/\/invescom.hu\/wp-content\/uploads\/2022\/08\/invescom-team-1.jpg\",\"width\":1920,\"height\":920},{\"@type\":\"BreadcrumbList\",\"@id\":\"https:\/\/invescom.hu\/rolunk\/#breadcrumb\",\"itemListElement\":[{\"@type\":\"ListItem\",\"position\":1,\"name\":\"Kezd\u0151lap\",\"item\":\"https:\/\/invescom.hu\/\"},{\"@type\":\"ListItem\",\"position\":2,\"name\":\"R\u00f3lunk\"}]},{\"@type\":\"WebSite\",\"@id\":\"https:\/\/invescom.hu\/#website\",\"url\":\"https:\/\/invescom.hu\/\",\"name\":\"Invescom\",\"description\":\"A lehet\u0151 legjobb elad\u00e1si, vagy v\u00e9teli \u00e1rat \u00e9s optim\u00e1lis tranzakci\u00f3s felt\u00e9teleket \u00e9r\u00fcnk el az \u00fcgyfeleink sz\u00e1m\u00e1ra.\",\"publisher\":{\"@id\":\"https:\/\/invescom.hu\/#organization\"},\"alternateName\":\"Invescom\",\"potentialAction\":[{\"@type\":\"SearchAction\",\"target\":{\"@type\":\"EntryPoint\",\"urlTemplate\":\"https:\/\/invescom.hu\/?s={search_term_string}\"},\"query-input\":{\"@type\":\"PropertyValueSpecification\",\"valueRequired\":true,\"valueName\":\"search_term_string\"}}],\"inLanguage\":\"en-GB\"},{\"@type\":\"Organization\",\"@id\":\"https:\/\/invescom.hu\/#organization\",\"name\":\"Invescom T\u0151kebefektet\u00e9si Tan\u00e1csad\u00f3 Kft.\",\"alternateName\":\"Invescom\",\"url\":\"https:\/\/invescom.hu\/\",\"logo\":{\"@type\":\"ImageObject\",\"inLanguage\":\"en-GB\",\"@id\":\"https:\/\/invescom.hu\/#\/schema\/logo\/image\/\",\"url\":\"https:\/\/invescom.hu\/wp-content\/uploads\/2023\/01\/ref-logo-invescom-kiemelt-1.png\",\"contentUrl\":\"https:\/\/invescom.hu\/wp-content\/uploads\/2023\/01\/ref-logo-invescom-kiemelt-1.png\",\"width\":499,\"height\":332,\"caption\":\"Invescom T\u0151kebefektet\u00e9si Tan\u00e1csad\u00f3 Kft.\"},\"image\":{\"@id\":\"https:\/\/invescom.hu\/#\/schema\/logo\/image\/\"},\"sameAs\":[\"https:\/\/www.linkedin.com\/company\/invescom-corporate-finance\/\"]}]}<\/script>\n<!-- \/ Yoast SEO plugin. -->","yoast_head_json":{"title":"R\u00f3lunk - Invescom - Tulajdonosi \u00e9rt\u00e9ket maximaliz\u00e1lunk","description":"Invescom: Az Invescom nemzetk\u00f6zi befektet\u00e9si banki sz\u00ednvonalat k\u00e9pvisel\u0151 f\u00fcggetlen k\u00f6z\u00e9p-kelet-eur\u00f3pai M&A tan\u00e1csad\u00f3 t\u00e1rsas\u00e1g.","robots":{"index":"index","follow":"follow","max-snippet":"max-snippet:-1","max-image-preview":"max-image-preview:large","max-video-preview":"max-video-preview:-1"},"canonical":"https:\/\/invescom.hu\/en\/about-us\/","og_locale":"en_GB","og_type":"article","og_title":"R\u00f3lunk - Invescom - Tulajdonosi \u00e9rt\u00e9ket maximaliz\u00e1lunk","og_description":"Invescom: Az Invescom nemzetk\u00f6zi befektet\u00e9si banki sz\u00ednvonalat k\u00e9pvisel\u0151 f\u00fcggetlen k\u00f6z\u00e9p-kelet-eur\u00f3pai M&A tan\u00e1csad\u00f3 t\u00e1rsas\u00e1g.","og_url":"https:\/\/invescom.hu\/en\/about-us\/","og_site_name":"Invescom","article_modified_time":"2025-06-06T17:40:38+00:00","og_image":[{"width":1920,"height":920,"url":"https:\/\/invescom.hu\/wp-content\/uploads\/2022\/08\/invescom-team-1.jpg","type":"image\/jpeg"}],"twitter_card":"summary_large_image","twitter_misc":{"Estimated reading time":"1 minute"},"schema":{"@context":"https:\/\/schema.org","@graph":[{"@type":"WebPage","@id":"https:\/\/invescom.hu\/rolunk\/","url":"https:\/\/invescom.hu\/rolunk\/","name":"R\u00f3lunk - Invescom - Tulajdonosi \u00e9rt\u00e9ket maximaliz\u00e1lunk","isPartOf":{"@id":"https:\/\/invescom.hu\/#website"},"primaryImageOfPage":{"@id":"https:\/\/invescom.hu\/rolunk\/#primaryimage"},"image":{"@id":"https:\/\/invescom.hu\/rolunk\/#primaryimage"},"thumbnailUrl":"https:\/\/invescom.hu\/wp-content\/uploads\/2022\/08\/invescom-team-1.jpg","datePublished":"2022-03-17T10:28:42+00:00","dateModified":"2025-06-06T17:40:38+00:00","description":"Invescom: Az Invescom nemzetk\u00f6zi befektet\u00e9si banki sz\u00ednvonalat k\u00e9pvisel\u0151 f\u00fcggetlen k\u00f6z\u00e9p-kelet-eur\u00f3pai M&A tan\u00e1csad\u00f3 t\u00e1rsas\u00e1g.","breadcrumb":{"@id":"https:\/\/invescom.hu\/rolunk\/#breadcrumb"},"inLanguage":"en-GB","potentialAction":[{"@type":"ReadAction","target":["https:\/\/invescom.hu\/rolunk\/"]}]},{"@type":"ImageObject","inLanguage":"en-GB","@id":"https:\/\/invescom.hu\/rolunk\/#primaryimage","url":"https:\/\/invescom.hu\/wp-content\/uploads\/2022\/08\/invescom-team-1.jpg","contentUrl":"https:\/\/invescom.hu\/wp-content\/uploads\/2022\/08\/invescom-team-1.jpg","width":1920,"height":920},{"@type":"BreadcrumbList","@id":"https:\/\/invescom.hu\/rolunk\/#breadcrumb","itemListElement":[{"@type":"ListItem","position":1,"name":"Kezd\u0151lap","item":"https:\/\/invescom.hu\/"},{"@type":"ListItem","position":2,"name":"R\u00f3lunk"}]},{"@type":"WebSite","@id":"https:\/\/invescom.hu\/#website","url":"https:\/\/invescom.hu\/","name":"Invescom","description":"A lehet\u0151 legjobb elad\u00e1si, vagy v\u00e9teli \u00e1rat \u00e9s optim\u00e1lis tranzakci\u00f3s felt\u00e9teleket \u00e9r\u00fcnk el az \u00fcgyfeleink sz\u00e1m\u00e1ra.","publisher":{"@id":"https:\/\/invescom.hu\/#organization"},"alternateName":"Invescom","potentialAction":[{"@type":"SearchAction","target":{"@type":"EntryPoint","urlTemplate":"https:\/\/invescom.hu\/?s={search_term_string}"},"query-input":{"@type":"PropertyValueSpecification","valueRequired":true,"valueName":"search_term_string"}}],"inLanguage":"en-GB"},{"@type":"Organization","@id":"https:\/\/invescom.hu\/#organization","name":"Invescom T\u0151kebefektet\u00e9si Tan\u00e1csad\u00f3 Kft.","alternateName":"Invescom","url":"https:\/\/invescom.hu\/","logo":{"@type":"ImageObject","inLanguage":"en-GB","@id":"https:\/\/invescom.hu\/#\/schema\/logo\/image\/","url":"https:\/\/invescom.hu\/wp-content\/uploads\/2023\/01\/ref-logo-invescom-kiemelt-1.png","contentUrl":"https:\/\/invescom.hu\/wp-content\/uploads\/2023\/01\/ref-logo-invescom-kiemelt-1.png","width":499,"height":332,"caption":"Invescom T\u0151kebefektet\u00e9si Tan\u00e1csad\u00f3 Kft."},"image":{"@id":"https:\/\/invescom.hu\/#\/schema\/logo\/image\/"},"sameAs":["https:\/\/www.linkedin.com\/company\/invescom-corporate-finance\/"]}]}},"_links":{"self":[{"href":"https:\/\/invescom.hu\/en\/wp-json\/wp\/v2\/pages\/15","targetHints":{"allow":["GET"]}}],"collection":[{"href":"https:\/\/invescom.hu\/en\/wp-json\/wp\/v2\/pages"}],"about":[{"href":"https:\/\/invescom.hu\/en\/wp-json\/wp\/v2\/types\/page"}],"author":[{"embeddable":true,"href":"https:\/\/invescom.hu\/en\/wp-json\/wp\/v2\/users\/1"}],"replies":[{"embeddable":true,"href":"https:\/\/invescom.hu\/en\/wp-json\/wp\/v2\/comments?post=15"}],"version-history":[{"count":6,"href":"https:\/\/invescom.hu\/en\/wp-json\/wp\/v2\/pages\/15\/revisions"}],"predecessor-version":[{"id":3171,"href":"https:\/\/invescom.hu\/en\/wp-json\/wp\/v2\/pages\/15\/revisions\/3171"}],"wp:featuredmedia":[{"embeddable":true,"href":"https:\/\/invescom.hu\/en\/wp-json\/wp\/v2\/media\/870"}],"wp:attachment":[{"href":"https:\/\/invescom.hu\/en\/wp-json\/wp\/v2\/media?parent=15"}],"curies":[{"name":"wp","href":"https:\/\/api.w.org\/{rel}","templated":true}]}}