{"id":25,"date":"2022-03-17T11:41:28","date_gmt":"2022-03-17T10:41:28","guid":{"rendered":"https:\/\/invescom.hu\/?page_id=25"},"modified":"2025-03-05T07:44:30","modified_gmt":"2025-03-05T06:44:30","slug":"adatvedelmi-tajekoztato","status":"publish","type":"page","link":"https:\/\/invescom.hu\/en\/adatvedelmi-tajekoztato\/","title":{"rendered":"Impressum"},"content":{"rendered":"<div data-elementor-type=\"wp-page\" data-elementor-id=\"25\" class=\"elementor elementor-25\" data-elementor-post-type=\"page\">\n\t\t\t\t\t\t<section class=\"elementor-section elementor-top-section elementor-element elementor-element-7c00f14 elementor-section-boxed elementor-section-height-default elementor-section-height-default\" data-id=\"7c00f14\" data-element_type=\"section\" data-settings=\"{&quot;jet_parallax_layout_list&quot;:[],&quot;background_background&quot;:&quot;classic&quot;}\">\n\t\t\t\t\t\t<div class=\"elementor-container elementor-column-gap-default\">\n\t\t\t\t\t<div class=\"elementor-column elementor-col-100 elementor-top-column elementor-element elementor-element-d4d80cc\" data-id=\"d4d80cc\" data-element_type=\"column\">\n\t\t\t<div class=\"elementor-widget-wrap elementor-element-populated\">\n\t\t\t\t\t\t<section class=\"elementor-section elementor-inner-section elementor-element elementor-element-740a1d6 elementor-section-height-default elementor-section-height-full elementor-section-boxed\" data-id=\"740a1d6\" data-element_type=\"section\" data-settings=\"{&quot;jet_parallax_layout_list&quot;:[]}\">\n\t\t\t\t\t\t<div class=\"elementor-container elementor-column-gap-default\">\n\t\t\t\t\t<div class=\"elementor-column elementor-col-100 elementor-top-column elementor-element elementor-element-59f42e1\" data-id=\"59f42e1\" data-element_type=\"column\">\n\t\t\t<div class=\"elementor-widget-wrap elementor-element-populated\">\n\t\t\t\t\t\t<div class=\"elementor-element elementor-element-adfc1c4 elementor-widget elementor-widget-heading\" data-id=\"adfc1c4\" data-element_type=\"widget\" data-widget_type=\"heading.default\">\n\t\t\t\t<div class=\"elementor-widget-container\">\n\t\t\t<h1 class=\"elementor-heading-title elementor-size-default\">Impressum<\/h1>\t\t<\/div>\n\t\t\t\t<\/div>\n\t\t\t\t<div class=\"elementor-element elementor-element-f33aa8d elementor-widget elementor-widget-text-editor\" data-id=\"f33aa8d\" data-element_type=\"widget\" data-widget_type=\"text-editor.default\">\n\t\t\t\t<div class=\"elementor-widget-container\">\n\t\t\t\t\t\t\t<p>Invescom T\u0151kebefektet\u00e9si Tan\u00e1csad\u00f3 Kft.<br \/>1027 Budapest<br \/>Bem Jozsef u. 1\/B 3rd floor<\/p><p><span class=\"highlightLila\"><strong>Company registration number<br \/><\/strong><\/span>01-09-667921<\/p><p><span class=\"highlightLila\"><strong>VAT number<br \/><\/strong><\/span>12346804-2-43<\/p><p><span class=\"highlightLila\"><strong>Contact<br \/><\/strong><\/span>+36 1\u00a0275 1116<br \/>info@invescom.hu<\/p>\t\t\t\t\t\t<\/div>\n\t\t\t\t<\/div>\n\t\t\t\t\t<\/div>\n\t\t<\/div>\n\t\t\t\t\t<\/div>\n\t\t<\/section>\n\t\t\t\t\t<\/div>\n\t\t<\/div>\n\t\t\t\t\t<\/div>\n\t\t<\/section>\n\t\t\t\t<\/div>","protected":false},"excerpt":{"rendered":"<p>Invescom T\u0151kebefektet\u00e9si Tan\u00e1csad\u00f3 Kft.1027 BudapestBem J\u00f3zsef u. 1\/B 3. emelet Company registration number01-09-667921 VAT number12346804-2-43 Contact+36 1\u00a0275 1116info@invescom.hu<\/p>","protected":false},"author":1,"featured_media":0,"parent":0,"menu_order":0,"comment_status":"closed","ping_status":"closed","template":"","meta":{"footnotes":""},"class_list":["post-25","page","type-page","status-publish","hentry"],"yoast_head":"<!-- This site is optimized with the Yoast SEO plugin v24.0 - https:\/\/yoast.com\/wordpress\/plugins\/seo\/ -->\n<title>Impresszum - Invescom - Tulajdonosi \u00e9rt\u00e9ket maximaliz\u00e1lunk<\/title>\n<meta name=\"description\" content=\"Invescom: A lehet\u0151 legjobb elad\u00e1si, vagy v\u00e9teli \u00e1rat \u00e9s optim\u00e1lis tranzakci\u00f3s felt\u00e9teleket \u00e9r\u00fcnk el az \u00fcgyfeleink sz\u00e1m\u00e1ra.\" \/>\n<meta name=\"robots\" content=\"index, follow, max-snippet:-1, max-image-preview:large, max-video-preview:-1\" \/>\n<link rel=\"canonical\" href=\"https:\/\/invescom.hu\/en\/adatvedelmi-tajekoztato\/\" \/>\n<meta property=\"og:locale\" content=\"en_GB\" \/>\n<meta property=\"og:type\" content=\"article\" \/>\n<meta property=\"og:title\" content=\"Impresszum - Invescom - Tulajdonosi \u00e9rt\u00e9ket maximaliz\u00e1lunk\" \/>\n<meta property=\"og:description\" content=\"Invescom: A lehet\u0151 legjobb elad\u00e1si, vagy v\u00e9teli \u00e1rat \u00e9s optim\u00e1lis tranzakci\u00f3s felt\u00e9teleket \u00e9r\u00fcnk el az \u00fcgyfeleink sz\u00e1m\u00e1ra.\" \/>\n<meta property=\"og:url\" content=\"https:\/\/invescom.hu\/en\/adatvedelmi-tajekoztato\/\" \/>\n<meta property=\"og:site_name\" content=\"Invescom\" \/>\n<meta property=\"article:modified_time\" content=\"2025-03-05T06:44:30+00:00\" \/>\n<meta property=\"og:image\" content=\"https:\/\/invescom.hu\/wp-content\/uploads\/2023\/01\/ref-logo-invescom-kiemelt-1.png\" \/>\n\t<meta property=\"og:image:width\" content=\"499\" \/>\n\t<meta property=\"og:image:height\" content=\"332\" \/>\n\t<meta property=\"og:image:type\" content=\"image\/png\" \/>\n<meta name=\"twitter:card\" content=\"summary_large_image\" \/>\n<meta name=\"twitter:label1\" content=\"Estimated reading time\" \/>\n\t<meta name=\"twitter:data1\" content=\"1 minute\" \/>\n<script type=\"application\/ld+json\" class=\"yoast-schema-graph\">{\"@context\":\"https:\/\/schema.org\",\"@graph\":[{\"@type\":\"WebPage\",\"@id\":\"https:\/\/invescom.hu\/adatvedelmi-tajekoztato\/\",\"url\":\"https:\/\/invescom.hu\/adatvedelmi-tajekoztato\/\",\"name\":\"Impresszum - Invescom - Tulajdonosi \u00e9rt\u00e9ket maximaliz\u00e1lunk\",\"isPartOf\":{\"@id\":\"https:\/\/invescom.hu\/#website\"},\"datePublished\":\"2022-03-17T10:41:28+00:00\",\"dateModified\":\"2025-03-05T06:44:30+00:00\",\"description\":\"Invescom: A lehet\u0151 legjobb elad\u00e1si, vagy v\u00e9teli \u00e1rat \u00e9s optim\u00e1lis tranzakci\u00f3s felt\u00e9teleket \u00e9r\u00fcnk el az \u00fcgyfeleink sz\u00e1m\u00e1ra.\",\"breadcrumb\":{\"@id\":\"https:\/\/invescom.hu\/adatvedelmi-tajekoztato\/#breadcrumb\"},\"inLanguage\":\"en-GB\",\"potentialAction\":[{\"@type\":\"ReadAction\",\"target\":[\"https:\/\/invescom.hu\/adatvedelmi-tajekoztato\/\"]}]},{\"@type\":\"BreadcrumbList\",\"@id\":\"https:\/\/invescom.hu\/adatvedelmi-tajekoztato\/#breadcrumb\",\"itemListElement\":[{\"@type\":\"ListItem\",\"position\":1,\"name\":\"Kezd\u0151lap\",\"item\":\"https:\/\/invescom.hu\/\"},{\"@type\":\"ListItem\",\"position\":2,\"name\":\"Impresszum\"}]},{\"@type\":\"WebSite\",\"@id\":\"https:\/\/invescom.hu\/#website\",\"url\":\"https:\/\/invescom.hu\/\",\"name\":\"Invescom\",\"description\":\"A lehet\u0151 legjobb elad\u00e1si, vagy v\u00e9teli \u00e1rat \u00e9s optim\u00e1lis tranzakci\u00f3s felt\u00e9teleket \u00e9r\u00fcnk el az \u00fcgyfeleink sz\u00e1m\u00e1ra.\",\"publisher\":{\"@id\":\"https:\/\/invescom.hu\/#organization\"},\"alternateName\":\"Invescom\",\"potentialAction\":[{\"@type\":\"SearchAction\",\"target\":{\"@type\":\"EntryPoint\",\"urlTemplate\":\"https:\/\/invescom.hu\/?s={search_term_string}\"},\"query-input\":{\"@type\":\"PropertyValueSpecification\",\"valueRequired\":true,\"valueName\":\"search_term_string\"}}],\"inLanguage\":\"en-GB\"},{\"@type\":\"Organization\",\"@id\":\"https:\/\/invescom.hu\/#organization\",\"name\":\"Invescom T\u0151kebefektet\u00e9si Tan\u00e1csad\u00f3 Kft.\",\"alternateName\":\"Invescom\",\"url\":\"https:\/\/invescom.hu\/\",\"logo\":{\"@type\":\"ImageObject\",\"inLanguage\":\"en-GB\",\"@id\":\"https:\/\/invescom.hu\/#\/schema\/logo\/image\/\",\"url\":\"https:\/\/invescom.hu\/wp-content\/uploads\/2023\/01\/ref-logo-invescom-kiemelt-1.png\",\"contentUrl\":\"https:\/\/invescom.hu\/wp-content\/uploads\/2023\/01\/ref-logo-invescom-kiemelt-1.png\",\"width\":499,\"height\":332,\"caption\":\"Invescom T\u0151kebefektet\u00e9si Tan\u00e1csad\u00f3 Kft.\"},\"image\":{\"@id\":\"https:\/\/invescom.hu\/#\/schema\/logo\/image\/\"},\"sameAs\":[\"https:\/\/www.linkedin.com\/company\/invescom-corporate-finance\/\"]}]}<\/script>\n<!-- \/ Yoast SEO plugin. -->","yoast_head_json":{"title":"Impresszum - Invescom - Tulajdonosi \u00e9rt\u00e9ket maximaliz\u00e1lunk","description":"Invescom: A lehet\u0151 legjobb elad\u00e1si, vagy v\u00e9teli \u00e1rat \u00e9s optim\u00e1lis tranzakci\u00f3s felt\u00e9teleket \u00e9r\u00fcnk el az \u00fcgyfeleink sz\u00e1m\u00e1ra.","robots":{"index":"index","follow":"follow","max-snippet":"max-snippet:-1","max-image-preview":"max-image-preview:large","max-video-preview":"max-video-preview:-1"},"canonical":"https:\/\/invescom.hu\/en\/adatvedelmi-tajekoztato\/","og_locale":"en_GB","og_type":"article","og_title":"Impresszum - Invescom - Tulajdonosi \u00e9rt\u00e9ket maximaliz\u00e1lunk","og_description":"Invescom: A lehet\u0151 legjobb elad\u00e1si, vagy v\u00e9teli \u00e1rat \u00e9s optim\u00e1lis tranzakci\u00f3s felt\u00e9teleket \u00e9r\u00fcnk el az \u00fcgyfeleink sz\u00e1m\u00e1ra.","og_url":"https:\/\/invescom.hu\/en\/adatvedelmi-tajekoztato\/","og_site_name":"Invescom","article_modified_time":"2025-03-05T06:44:30+00:00","og_image":[{"width":499,"height":332,"url":"https:\/\/invescom.hu\/wp-content\/uploads\/2023\/01\/ref-logo-invescom-kiemelt-1.png","type":"image\/png"}],"twitter_card":"summary_large_image","twitter_misc":{"Estimated reading time":"1 minute"},"schema":{"@context":"https:\/\/schema.org","@graph":[{"@type":"WebPage","@id":"https:\/\/invescom.hu\/adatvedelmi-tajekoztato\/","url":"https:\/\/invescom.hu\/adatvedelmi-tajekoztato\/","name":"Impresszum - Invescom - Tulajdonosi \u00e9rt\u00e9ket maximaliz\u00e1lunk","isPartOf":{"@id":"https:\/\/invescom.hu\/#website"},"datePublished":"2022-03-17T10:41:28+00:00","dateModified":"2025-03-05T06:44:30+00:00","description":"Invescom: A lehet\u0151 legjobb elad\u00e1si, vagy v\u00e9teli \u00e1rat \u00e9s optim\u00e1lis tranzakci\u00f3s felt\u00e9teleket \u00e9r\u00fcnk el az \u00fcgyfeleink sz\u00e1m\u00e1ra.","breadcrumb":{"@id":"https:\/\/invescom.hu\/adatvedelmi-tajekoztato\/#breadcrumb"},"inLanguage":"en-GB","potentialAction":[{"@type":"ReadAction","target":["https:\/\/invescom.hu\/adatvedelmi-tajekoztato\/"]}]},{"@type":"BreadcrumbList","@id":"https:\/\/invescom.hu\/adatvedelmi-tajekoztato\/#breadcrumb","itemListElement":[{"@type":"ListItem","position":1,"name":"Kezd\u0151lap","item":"https:\/\/invescom.hu\/"},{"@type":"ListItem","position":2,"name":"Impresszum"}]},{"@type":"WebSite","@id":"https:\/\/invescom.hu\/#website","url":"https:\/\/invescom.hu\/","name":"Invescom","description":"A lehet\u0151 legjobb elad\u00e1si, vagy v\u00e9teli \u00e1rat \u00e9s optim\u00e1lis tranzakci\u00f3s felt\u00e9teleket \u00e9r\u00fcnk el az \u00fcgyfeleink sz\u00e1m\u00e1ra.","publisher":{"@id":"https:\/\/invescom.hu\/#organization"},"alternateName":"Invescom","potentialAction":[{"@type":"SearchAction","target":{"@type":"EntryPoint","urlTemplate":"https:\/\/invescom.hu\/?s={search_term_string}"},"query-input":{"@type":"PropertyValueSpecification","valueRequired":true,"valueName":"search_term_string"}}],"inLanguage":"en-GB"},{"@type":"Organization","@id":"https:\/\/invescom.hu\/#organization","name":"Invescom T\u0151kebefektet\u00e9si Tan\u00e1csad\u00f3 Kft.","alternateName":"Invescom","url":"https:\/\/invescom.hu\/","logo":{"@type":"ImageObject","inLanguage":"en-GB","@id":"https:\/\/invescom.hu\/#\/schema\/logo\/image\/","url":"https:\/\/invescom.hu\/wp-content\/uploads\/2023\/01\/ref-logo-invescom-kiemelt-1.png","contentUrl":"https:\/\/invescom.hu\/wp-content\/uploads\/2023\/01\/ref-logo-invescom-kiemelt-1.png","width":499,"height":332,"caption":"Invescom T\u0151kebefektet\u00e9si Tan\u00e1csad\u00f3 Kft."},"image":{"@id":"https:\/\/invescom.hu\/#\/schema\/logo\/image\/"},"sameAs":["https:\/\/www.linkedin.com\/company\/invescom-corporate-finance\/"]}]}},"_links":{"self":[{"href":"https:\/\/invescom.hu\/en\/wp-json\/wp\/v2\/pages\/25","targetHints":{"allow":["GET"]}}],"collection":[{"href":"https:\/\/invescom.hu\/en\/wp-json\/wp\/v2\/pages"}],"about":[{"href":"https:\/\/invescom.hu\/en\/wp-json\/wp\/v2\/types\/page"}],"author":[{"embeddable":true,"href":"https:\/\/invescom.hu\/en\/wp-json\/wp\/v2\/users\/1"}],"replies":[{"embeddable":true,"href":"https:\/\/invescom.hu\/en\/wp-json\/wp\/v2\/comments?post=25"}],"version-history":[{"count":3,"href":"https:\/\/invescom.hu\/en\/wp-json\/wp\/v2\/pages\/25\/revisions"}],"predecessor-version":[{"id":3119,"href":"https:\/\/invescom.hu\/en\/wp-json\/wp\/v2\/pages\/25\/revisions\/3119"}],"wp:attachment":[{"href":"https:\/\/invescom.hu\/en\/wp-json\/wp\/v2\/media?parent=25"}],"curies":[{"name":"wp","href":"https:\/\/api.w.org\/{rel}","templated":true}]}}