{"id":2949,"date":"2024-11-22T07:24:15","date_gmt":"2024-11-22T06:24:15","guid":{"rendered":"https:\/\/invescom.hu\/?page_id=2949"},"modified":"2024-12-04T08:38:06","modified_gmt":"2024-12-04T07:38:06","slug":"tajekoztato-nevjegyek-adatkezeleserol","status":"publish","type":"page","link":"https:\/\/invescom.hu\/en\/notice-for-processing-contact-information\/","title":{"rendered":"T\u00e1j\u00e9koztat\u00f3 n\u00e9vjegyek adatkezel\u00e9s\u00e9r\u0151l"},"content":{"rendered":"<div data-elementor-type=\"wp-page\" data-elementor-id=\"2949\" class=\"elementor elementor-2949\" data-elementor-post-type=\"page\">\n\t\t\t\t\t\t<section class=\"elementor-section elementor-top-section elementor-element elementor-element-7163d9a elementor-section-boxed elementor-section-height-default elementor-section-height-default\" data-id=\"7163d9a\" data-element_type=\"section\" data-settings=\"{&quot;jet_parallax_layout_list&quot;:[]}\">\n\t\t\t\t\t\t<div class=\"elementor-container elementor-column-gap-default\">\n\t\t\t\t\t<div class=\"elementor-column elementor-col-100 elementor-top-column elementor-element elementor-element-679ba90\" data-id=\"679ba90\" data-element_type=\"column\">\n\t\t\t<div class=\"elementor-widget-wrap elementor-element-populated\">\n\t\t\t\t\t\t<div class=\"elementor-element elementor-element-5fb8b69 elementor-widget elementor-widget-text-editor\" data-id=\"5fb8b69\" data-element_type=\"widget\" data-widget_type=\"text-editor.default\">\n\t\t\t\t<div class=\"elementor-widget-container\">\n\t\t\t\t\t\t\t<h1 style=\"text-align: center;\"><span style=\"color: #000000;\">DATA PROCESSING NOTICE<\/span><\/h1><h2 style=\"text-align: center;\"><strong>Processing of business card personal contact details and other contact-related personal information<\/strong><\/h2><p class=\" translation-block\">Invescom M&amp;A Tan\u00e1csad\u00f3 Kft. (1117 Budapest, Domb\u00f3v\u00e1ri \u00fat 27, 2nd floor, company registration number: 01-09-952151) (hereinafter referred to as the Company\/Data Controller) provides the following information regarding the processing of personal data:<\/p><p><strong>Legal basis<\/strong> \u00a0\u00a0\u00a0\u00a0\u00a0\u00a0\u00a0\u00a0\u00a0\u00a0\u00a0\u00a0\u00a0\u00a0\u00a0\u00a0\u00a0\u00a0\u00a0\u00a0 In cases where contact details are provided within the context of an employment relationship, the legal basis is the legitimate interest of the current or future contracting partners, taking into account the results of the legitimate interest assessment pursuant to GDPR (Article 6(f)). In cases where contact details are provided in a context not relating to an employment relationship, the consent of the data subject is required (Article 6(a) GDPR).<\/p><p>Pursuant to Point 6 of \u00a7 3 of the Information Act, the processing of publicly available data (including data in the Company Register) is conducted based on a legitimate interest of the public, and in accordance with all relevant provisions of the GDPR, in particular, but not limited to, the purpose limitation principle.<\/p><p><strong>Purpose <\/strong>\u00a0\u00a0\u00a0\u00a0\u00a0\u00a0\u00a0\u00a0\u00a0\u00a0\u00a0\u00a0\u00a0\u00a0\u00a0\u00a0\u00a0\u00a0\u00a0\u00a0\u00a0\u00a0\u00a0\u00a0\u00a0\u00a0 To build new and maintain existing contacts, facilitate discussions and communication, and to provide adequate information on news, reports, and analyses relating to the business activity.<\/p><p><strong>Data concerned<\/strong> \u00a0\u00a0\u00a0\u00a0\u00a0\u00a0\u00a0\u00a0 Personal data provided (primarily name, telephone number, e-mail address, and title of position), and personal data made publicly available in the public interest (name, e-mail address).<\/p><p><strong>Duration<\/strong>: \u00a0\u00a0\u00a0\u00a0\u00a0\u00a0\u00a0\u00a0\u00a0\u00a0\u00a0\u00a0\u00a0\u00a0\u00a0\u00a0Not more than 1 year from the termination of legitimate interest or until the withdrawal of consent.<\/p><h2><strong><u>THE RIGHTS OF THE DATA SUBJECTS<\/u><\/strong><\/h2><p>The data subject has the right to request information about the processing of his\/her personal data, which includes the rights to access, rectify, object, withdraw consent, and erase data (except in cases of mandatory processing), as well as the right to data portability. These rights can be exercised as specified at the time of data collection or by contacting the Company using the provided contact details.<\/p><h2><strong>Right to request information: <\/strong><\/h2><p>The Company shall take appropriate measures to ensure that data subjects are provided with all information regarding the processing of personal data, as outlined in Articles 13 and 14 of the GDPR, along with all relevant details specified in Articles 15-22 and 34, in a concise, transparent, intelligible, and easily accessible manner, using clear and plain language.<\/p><p>The aforementioned rights can be exercised in writing via the contact details of the Company as set out in this notice. At the request of the data subject and following the verification of his\/her identity, the information may also be provided orally.<\/p><h2><strong>The data subject's right of access: <\/strong><\/h2><p>The data subject has the right to receive feedback from the Company as to whether or not his or her personal data are being processed and, if such processing is ongoing, has the right to access the personal data and the following information:<\/p><ul><li>The purposes of the processing;<\/li><li>The categories of personal data concerned;<\/li><li>The recipients or categories of recipients to whom or which the personal data have been or will be disclosed;<\/li><li>The intended period of storage of the personal data;<\/li><li>The right to rectification, erasure or restriction of processing and the right to object;<\/li><li>The right to lodge a complaint with a supervisory authority;<\/li><li>Information on the data sources;<\/li><li>The presence of automated decision-making, including profiling.<\/li><\/ul><p>The Company shall provide the information to the data subject not later than within one month of receiving the request.<\/p><h2><strong>Right to rectification:<\/strong><em>: <\/em><\/h2><p>The data subject can request the correction of inaccurate personal data relating to him\/her processed by the Company and the completion of incomplete data.<\/p><h2><strong>Right to erasure: <\/strong><\/h2><p>If one of the following grounds applies, the data subject has the right, upon request and without undue delay, to have personal data relating to him or her erased by the Company:<\/p><ul><li>The personal data are no longer necessary for the purposes for which they were initially collected or processed by other means.<\/li><li>The data subject withdraws the consent based on which the processing was carried out and there is no other legal basis for the processing.<\/li><li>The data subject objects to the processing and there are no overriding legitimate grounds for the processing.<\/li><li>The personal data have been unlawfully processed.<\/li><li>Erasure of the personal data is required in order to comply with a legal obligation under the European Union or Member State law to which the Company is subject.<\/li><li>Personal data have been collected in connection with the provision of information society services.<\/li><\/ul><p>The erasure of data cannot be initiated if the processing is necessary:<\/p><ul><li>For exercising the right to freedom of speech and right to information;<\/li><li>To comply with an obligation under the European Union or Member State law applicable to the Company that requires the processing of personal data, or to carry out a task in the public interest or in the exercise of official authority vested in the Company;<\/li><li>In the public interest, for public health, archiving, scientific or historical research purposes, statistical purposes;<\/li><li>For the establishment, exercise or defence of legal claims.<\/li><\/ul><p><strong>\u00a0<\/strong><\/p><h2><strong>Right to restrict processing: <\/strong><\/h2><p>The Company will restrict processing at the request of the data subject if either of the following conditions is met:<\/p><ul><li>The data subject contests the accuracy of the personal data, in which case the restriction shall apply for the period of time necessary to allow the accuracy of the personal data to be verified.<\/li><li>The processing is unlawful and the data subject opposes the erasure of the data and requests instead the restriction of their use.<\/li><li>The Company no longer needs the personal data for the purposes of the processing but the data subject requires them for the establishment, exercise or defence of legal claims.<\/li><li>The data subject has objected to the processing; in this case, the restriction shall apply for a period of time until it is determined whether the Company's legitimate grounds prevail over the data subject's legitimate grounds.<\/li><\/ul><p>Where processing is subject to restriction, personal data may only be processed \u2013 aside from storage purposes \u2013 with the consent of the data subject, for the establishment, exercise, or defence of legal claims, for the protection of the rights of another natural or legal person, or for important public interests of the European Union or a Member State.<\/p><p>The Company shall inform the data subject of the lifting of the restriction on processing.<\/p><h2><strong>Right to data portability: <\/strong><\/h2><p>Where processing is carried out by automated means and the Company processes the data on the basis of the data subject's consent or on the basis of a contractual legal basis, the data subject has the right to receive the personal data relating to him or her, which he or she has provided to the Company, in a structured, commonly used, machine-readable format and to transmit such data to another controller.<\/p><h2><strong>Right to object: <\/strong><\/h2><p>The data subject has the right to object at any time, on grounds relating to his or her particular situation, to the processing of his or her personal data necessary for the performance of a task carried out in the public interest or in the exercise of official authority vested in the Company, or necessary for the purposes of the legitimate interests pursued by the Company or a third party, including profiling based on the aforementioned provisions. In the event of an objection, the Company may no longer process the personal data, unless there are compelling legitimate grounds for doing so which override the interests, rights and freedoms of the data subject or for the establishment, exercise or defence of legal claims.<\/p><p>Where personal data are processed for direct marketing purposes, the data subject shall have the right to object at any time to processing of personal data concerning him or her for such purposes, including profiling. In the event of an objection to the processing of personal data for direct marketing purposes, the data shall not be processed for those purposes.<\/p><h2><strong>Automated decision-making in individual cases, including profiling: <\/strong><\/h2><p>The data subject has the right not to be subject to a decision based solely on automated processing, including profiling, which produces legal effects concerning him or her or similarly significantly affects him or her.<\/p><p>The above right shall not apply in case the processing is:<\/p><ul><li>Necessary for entering into, or the performance of, a contract between the data subject and the Company;<\/li><li>Authorized by the European Union or Member State law to which the Company is subject and which also stipulates appropriate measures to protect the rights, freedoms and legitimate interests of the data subject; or<\/li><li>Based on the explicit consent of the data subject.<\/li><\/ul><p><strong>\u00a0<\/strong><\/p><h2><strong>Right of withdrawal: <\/strong><\/h2><p>The data subject has the right to withdraw his or her consent at any time. Withdrawal of consent does not affect the lawfulness of the processing based on consent prior to its withdrawal.<\/p><h2><strong>Right to remedies:<\/strong><\/h2><p><u>Right to apply to the courts: <\/u><\/p><p>The data subject may take legal action if his or her rights are violated. The court shall rule on the case out of turn.<\/p><p><u>Right to a judicial remedy: <\/u><\/p><p>Complaints may be submitted to the National Authority for Data Protection and Freedom of Information using the contact details provided on their website <a href=\"http:\/\/www.naih.hu\">www.naih.hu<\/a> .<\/p>\t\t\t\t\t\t<\/div>\n\t\t\t\t<\/div>\n\t\t\t\t\t<\/div>\n\t\t<\/div>\n\t\t\t\t\t<\/div>\n\t\t<\/section>\n\t\t\t\t<\/div>","protected":false},"excerpt":{"rendered":"<p>ADATKEZEL\u00c9SI T\u00c1J\u00c9KOZTAT\u00d3 N\u00e9vjegyek \u00e9s egy\u00e9b kapcsolattart\u00e1ssal \u00f6sszef\u00fcgg\u0151 szem\u00e9lyes adatok kezel\u00e9s\u00e9vel \u00f6sszef\u00fcgg\u00e9sben Az Invescom M&amp;A Tan\u00e1csad\u00f3 Kft. (1117 Budapest, Domb\u00f3v\u00e1ri \u00fat 27. 2. emelet, c\u00e9gjegyz\u00e9ksz\u00e1m: 01-09-952151) (a tov\u00e1bbiakban: T\u00e1rsas\u00e1g\/Adatkezel\u0151) az al\u00e1bbi t\u00e1j\u00e9koztat\u00e1st ny\u00fajtja a n\u00e9vjegyek \u00e9s egy\u00e9b kapcsolattart\u00e1ssal \u00f6sszef\u00fcgg\u0151 szem\u00e9lyes adatok kezel\u00e9s\u00e9vel \u00f6sszef\u00fcgg\u00e9sben: Jogalap: \u00a0\u00a0\u00a0\u00a0\u00a0\u00a0\u00a0\u00a0\u00a0\u00a0\u00a0\u00a0\u00a0\u00a0\u00a0\u00a0\u00a0\u00a0\u00a0\u00a0 munkaviszonnyal \u00f6sszef\u00fcgg\u00e9sben \u00e1tadott N\u00e9vjegyadatok eset\u00e9n a jelenlegi \u00e9s j\u00f6v\u0151beli szerz\u0151d\u00e9ses partner [&hellip;]<\/p>","protected":false},"author":5,"featured_media":0,"parent":0,"menu_order":0,"comment_status":"closed","ping_status":"closed","template":"","meta":{"footnotes":""},"class_list":["post-2949","page","type-page","status-publish","hentry"],"yoast_head":"<!-- This site is optimized with the Yoast SEO plugin v24.0 - https:\/\/yoast.com\/wordpress\/plugins\/seo\/ -->\n<title>T\u00e1j\u00e9koztat\u00f3 n\u00e9vjegyek adatkezel\u00e9s\u00e9r\u0151l - Invescom - Tulajdonosi \u00e9rt\u00e9ket maximaliz\u00e1lunk<\/title>\n<meta name=\"description\" content=\"Invescom: A lehet\u0151 legjobb elad\u00e1si, vagy v\u00e9teli \u00e1rat \u00e9s optim\u00e1lis tranzakci\u00f3s felt\u00e9teleket \u00e9r\u00fcnk el az \u00fcgyfeleink sz\u00e1m\u00e1ra.\" \/>\n<meta name=\"robots\" content=\"index, follow, max-snippet:-1, max-image-preview:large, max-video-preview:-1\" \/>\n<link rel=\"canonical\" href=\"https:\/\/invescom.hu\/en\/notice-for-processing-contact-information\/\" \/>\n<meta property=\"og:locale\" content=\"en_GB\" \/>\n<meta property=\"og:type\" content=\"article\" \/>\n<meta property=\"og:title\" content=\"T\u00e1j\u00e9koztat\u00f3 n\u00e9vjegyek adatkezel\u00e9s\u00e9r\u0151l - Invescom - Tulajdonosi \u00e9rt\u00e9ket maximaliz\u00e1lunk\" \/>\n<meta property=\"og:description\" content=\"Invescom: A lehet\u0151 legjobb elad\u00e1si, vagy v\u00e9teli \u00e1rat \u00e9s optim\u00e1lis tranzakci\u00f3s felt\u00e9teleket \u00e9r\u00fcnk el az \u00fcgyfeleink sz\u00e1m\u00e1ra.\" \/>\n<meta property=\"og:url\" content=\"https:\/\/invescom.hu\/en\/notice-for-processing-contact-information\/\" \/>\n<meta property=\"og:site_name\" content=\"Invescom\" \/>\n<meta property=\"article:modified_time\" content=\"2024-12-04T07:38:06+00:00\" \/>\n<meta property=\"og:image\" content=\"https:\/\/invescom.hu\/wp-content\/uploads\/2023\/01\/ref-logo-invescom-kiemelt-1.png\" \/>\n\t<meta property=\"og:image:width\" content=\"499\" \/>\n\t<meta property=\"og:image:height\" content=\"332\" \/>\n\t<meta property=\"og:image:type\" content=\"image\/png\" \/>\n<meta name=\"twitter:card\" content=\"summary_large_image\" \/>\n<meta name=\"twitter:label1\" content=\"Estimated reading time\" \/>\n\t<meta name=\"twitter:data1\" content=\"5 minutes\" \/>\n<script type=\"application\/ld+json\" class=\"yoast-schema-graph\">{\"@context\":\"https:\/\/schema.org\",\"@graph\":[{\"@type\":\"WebPage\",\"@id\":\"https:\/\/invescom.hu\/tajekoztato-nevjegyek-adatkezeleserol\/\",\"url\":\"https:\/\/invescom.hu\/tajekoztato-nevjegyek-adatkezeleserol\/\",\"name\":\"T\u00e1j\u00e9koztat\u00f3 n\u00e9vjegyek adatkezel\u00e9s\u00e9r\u0151l - Invescom - Tulajdonosi \u00e9rt\u00e9ket maximaliz\u00e1lunk\",\"isPartOf\":{\"@id\":\"https:\/\/invescom.hu\/#website\"},\"datePublished\":\"2024-11-22T06:24:15+00:00\",\"dateModified\":\"2024-12-04T07:38:06+00:00\",\"description\":\"Invescom: A lehet\u0151 legjobb elad\u00e1si, vagy v\u00e9teli \u00e1rat \u00e9s optim\u00e1lis tranzakci\u00f3s felt\u00e9teleket \u00e9r\u00fcnk el az \u00fcgyfeleink sz\u00e1m\u00e1ra.\",\"breadcrumb\":{\"@id\":\"https:\/\/invescom.hu\/tajekoztato-nevjegyek-adatkezeleserol\/#breadcrumb\"},\"inLanguage\":\"en-GB\",\"potentialAction\":[{\"@type\":\"ReadAction\",\"target\":[\"https:\/\/invescom.hu\/tajekoztato-nevjegyek-adatkezeleserol\/\"]}]},{\"@type\":\"BreadcrumbList\",\"@id\":\"https:\/\/invescom.hu\/tajekoztato-nevjegyek-adatkezeleserol\/#breadcrumb\",\"itemListElement\":[{\"@type\":\"ListItem\",\"position\":1,\"name\":\"Kezd\u0151lap\",\"item\":\"https:\/\/invescom.hu\/\"},{\"@type\":\"ListItem\",\"position\":2,\"name\":\"T\u00e1j\u00e9koztat\u00f3 n\u00e9vjegyek adatkezel\u00e9s\u00e9r\u0151l\"}]},{\"@type\":\"WebSite\",\"@id\":\"https:\/\/invescom.hu\/#website\",\"url\":\"https:\/\/invescom.hu\/\",\"name\":\"Invescom\",\"description\":\"A lehet\u0151 legjobb elad\u00e1si, vagy v\u00e9teli \u00e1rat \u00e9s optim\u00e1lis tranzakci\u00f3s felt\u00e9teleket \u00e9r\u00fcnk el az \u00fcgyfeleink sz\u00e1m\u00e1ra.\",\"publisher\":{\"@id\":\"https:\/\/invescom.hu\/#organization\"},\"alternateName\":\"Invescom\",\"potentialAction\":[{\"@type\":\"SearchAction\",\"target\":{\"@type\":\"EntryPoint\",\"urlTemplate\":\"https:\/\/invescom.hu\/?s={search_term_string}\"},\"query-input\":{\"@type\":\"PropertyValueSpecification\",\"valueRequired\":true,\"valueName\":\"search_term_string\"}}],\"inLanguage\":\"en-GB\"},{\"@type\":\"Organization\",\"@id\":\"https:\/\/invescom.hu\/#organization\",\"name\":\"Invescom T\u0151kebefektet\u00e9si Tan\u00e1csad\u00f3 Kft.\",\"alternateName\":\"Invescom\",\"url\":\"https:\/\/invescom.hu\/\",\"logo\":{\"@type\":\"ImageObject\",\"inLanguage\":\"en-GB\",\"@id\":\"https:\/\/invescom.hu\/#\/schema\/logo\/image\/\",\"url\":\"https:\/\/invescom.hu\/wp-content\/uploads\/2023\/01\/ref-logo-invescom-kiemelt-1.png\",\"contentUrl\":\"https:\/\/invescom.hu\/wp-content\/uploads\/2023\/01\/ref-logo-invescom-kiemelt-1.png\",\"width\":499,\"height\":332,\"caption\":\"Invescom T\u0151kebefektet\u00e9si Tan\u00e1csad\u00f3 Kft.\"},\"image\":{\"@id\":\"https:\/\/invescom.hu\/#\/schema\/logo\/image\/\"},\"sameAs\":[\"https:\/\/www.linkedin.com\/company\/invescom-corporate-finance\/\"]}]}<\/script>\n<!-- \/ Yoast SEO plugin. -->","yoast_head_json":{"title":"T\u00e1j\u00e9koztat\u00f3 n\u00e9vjegyek adatkezel\u00e9s\u00e9r\u0151l - Invescom - Tulajdonosi \u00e9rt\u00e9ket maximaliz\u00e1lunk","description":"Invescom: A lehet\u0151 legjobb elad\u00e1si, vagy v\u00e9teli \u00e1rat \u00e9s optim\u00e1lis tranzakci\u00f3s felt\u00e9teleket \u00e9r\u00fcnk el az \u00fcgyfeleink sz\u00e1m\u00e1ra.","robots":{"index":"index","follow":"follow","max-snippet":"max-snippet:-1","max-image-preview":"max-image-preview:large","max-video-preview":"max-video-preview:-1"},"canonical":"https:\/\/invescom.hu\/en\/notice-for-processing-contact-information\/","og_locale":"en_GB","og_type":"article","og_title":"T\u00e1j\u00e9koztat\u00f3 n\u00e9vjegyek adatkezel\u00e9s\u00e9r\u0151l - Invescom - Tulajdonosi \u00e9rt\u00e9ket maximaliz\u00e1lunk","og_description":"Invescom: A lehet\u0151 legjobb elad\u00e1si, vagy v\u00e9teli \u00e1rat \u00e9s optim\u00e1lis tranzakci\u00f3s felt\u00e9teleket \u00e9r\u00fcnk el az \u00fcgyfeleink sz\u00e1m\u00e1ra.","og_url":"https:\/\/invescom.hu\/en\/notice-for-processing-contact-information\/","og_site_name":"Invescom","article_modified_time":"2024-12-04T07:38:06+00:00","og_image":[{"width":499,"height":332,"url":"https:\/\/invescom.hu\/wp-content\/uploads\/2023\/01\/ref-logo-invescom-kiemelt-1.png","type":"image\/png"}],"twitter_card":"summary_large_image","twitter_misc":{"Estimated reading time":"5 minutes"},"schema":{"@context":"https:\/\/schema.org","@graph":[{"@type":"WebPage","@id":"https:\/\/invescom.hu\/tajekoztato-nevjegyek-adatkezeleserol\/","url":"https:\/\/invescom.hu\/tajekoztato-nevjegyek-adatkezeleserol\/","name":"T\u00e1j\u00e9koztat\u00f3 n\u00e9vjegyek adatkezel\u00e9s\u00e9r\u0151l - Invescom - Tulajdonosi \u00e9rt\u00e9ket maximaliz\u00e1lunk","isPartOf":{"@id":"https:\/\/invescom.hu\/#website"},"datePublished":"2024-11-22T06:24:15+00:00","dateModified":"2024-12-04T07:38:06+00:00","description":"Invescom: A lehet\u0151 legjobb elad\u00e1si, vagy v\u00e9teli \u00e1rat \u00e9s optim\u00e1lis tranzakci\u00f3s felt\u00e9teleket \u00e9r\u00fcnk el az \u00fcgyfeleink sz\u00e1m\u00e1ra.","breadcrumb":{"@id":"https:\/\/invescom.hu\/tajekoztato-nevjegyek-adatkezeleserol\/#breadcrumb"},"inLanguage":"en-GB","potentialAction":[{"@type":"ReadAction","target":["https:\/\/invescom.hu\/tajekoztato-nevjegyek-adatkezeleserol\/"]}]},{"@type":"BreadcrumbList","@id":"https:\/\/invescom.hu\/tajekoztato-nevjegyek-adatkezeleserol\/#breadcrumb","itemListElement":[{"@type":"ListItem","position":1,"name":"Kezd\u0151lap","item":"https:\/\/invescom.hu\/"},{"@type":"ListItem","position":2,"name":"T\u00e1j\u00e9koztat\u00f3 n\u00e9vjegyek adatkezel\u00e9s\u00e9r\u0151l"}]},{"@type":"WebSite","@id":"https:\/\/invescom.hu\/#website","url":"https:\/\/invescom.hu\/","name":"Invescom","description":"A lehet\u0151 legjobb elad\u00e1si, vagy v\u00e9teli \u00e1rat \u00e9s optim\u00e1lis tranzakci\u00f3s felt\u00e9teleket \u00e9r\u00fcnk el az \u00fcgyfeleink sz\u00e1m\u00e1ra.","publisher":{"@id":"https:\/\/invescom.hu\/#organization"},"alternateName":"Invescom","potentialAction":[{"@type":"SearchAction","target":{"@type":"EntryPoint","urlTemplate":"https:\/\/invescom.hu\/?s={search_term_string}"},"query-input":{"@type":"PropertyValueSpecification","valueRequired":true,"valueName":"search_term_string"}}],"inLanguage":"en-GB"},{"@type":"Organization","@id":"https:\/\/invescom.hu\/#organization","name":"Invescom T\u0151kebefektet\u00e9si Tan\u00e1csad\u00f3 Kft.","alternateName":"Invescom","url":"https:\/\/invescom.hu\/","logo":{"@type":"ImageObject","inLanguage":"en-GB","@id":"https:\/\/invescom.hu\/#\/schema\/logo\/image\/","url":"https:\/\/invescom.hu\/wp-content\/uploads\/2023\/01\/ref-logo-invescom-kiemelt-1.png","contentUrl":"https:\/\/invescom.hu\/wp-content\/uploads\/2023\/01\/ref-logo-invescom-kiemelt-1.png","width":499,"height":332,"caption":"Invescom T\u0151kebefektet\u00e9si Tan\u00e1csad\u00f3 Kft."},"image":{"@id":"https:\/\/invescom.hu\/#\/schema\/logo\/image\/"},"sameAs":["https:\/\/www.linkedin.com\/company\/invescom-corporate-finance\/"]}]}},"_links":{"self":[{"href":"https:\/\/invescom.hu\/en\/wp-json\/wp\/v2\/pages\/2949","targetHints":{"allow":["GET"]}}],"collection":[{"href":"https:\/\/invescom.hu\/en\/wp-json\/wp\/v2\/pages"}],"about":[{"href":"https:\/\/invescom.hu\/en\/wp-json\/wp\/v2\/types\/page"}],"author":[{"embeddable":true,"href":"https:\/\/invescom.hu\/en\/wp-json\/wp\/v2\/users\/5"}],"replies":[{"embeddable":true,"href":"https:\/\/invescom.hu\/en\/wp-json\/wp\/v2\/comments?post=2949"}],"version-history":[{"count":0,"href":"https:\/\/invescom.hu\/en\/wp-json\/wp\/v2\/pages\/2949\/revisions"}],"wp:attachment":[{"href":"https:\/\/invescom.hu\/en\/wp-json\/wp\/v2\/media?parent=2949"}],"curies":[{"name":"wp","href":"https:\/\/api.w.org\/{rel}","templated":true}]}}