{"id":2738,"date":"2023-10-12T07:40:36","date_gmt":"2023-10-12T05:40:36","guid":{"rendered":"https:\/\/invescom.hu\/?page_id=2738"},"modified":"2023-10-12T07:52:40","modified_gmt":"2023-10-12T05:52:40","slug":"karrier-regisztracio","status":"publish","type":"page","link":"https:\/\/invescom.hu\/ro\/karrier-regisztracio\/","title":{"rendered":"Karrier regisztr\u00e1ci\u00f3"},"content":{"rendered":"<div data-elementor-type=\"wp-page\" data-elementor-id=\"2738\" class=\"elementor elementor-2738\" data-elementor-post-type=\"page\">\n\t\t\t\t\t\t<section class=\"elementor-section elementor-top-section elementor-element elementor-element-7c7a29b elementor-section-boxed elementor-section-height-default elementor-section-height-default\" data-id=\"7c7a29b\" data-element_type=\"section\" data-settings=\"{&quot;jet_parallax_layout_list&quot;:[],&quot;background_background&quot;:&quot;classic&quot;}\">\n\t\t\t\t\t\t<div class=\"elementor-container elementor-column-gap-default\">\n\t\t\t\t\t<div class=\"elementor-column elementor-col-100 elementor-top-column elementor-element elementor-element-b5751e8\" data-id=\"b5751e8\" data-element_type=\"column\">\n\t\t\t<div class=\"elementor-widget-wrap elementor-element-populated\">\n\t\t\t\t\t\t<div class=\"elementor-element elementor-element-e091bfe elementor-widget elementor-widget-heading\" data-id=\"e091bfe\" data-element_type=\"widget\" data-widget_type=\"heading.default\">\n\t\t\t\t<div class=\"elementor-widget-container\">\n\t\t\t<h2 class=\"elementor-heading-title elementor-size-default\">Karrier regisztr\u00e1ci\u00f3<\/h2>\t\t<\/div>\n\t\t\t\t<\/div>\n\t\t\t\t<section class=\"elementor-section elementor-inner-section elementor-element elementor-element-3320e80 elementor-section-boxed elementor-section-height-default elementor-section-height-default\" data-id=\"3320e80\" data-element_type=\"section\" data-settings=\"{&quot;jet_parallax_layout_list&quot;:[]}\">\n\t\t\t\t\t\t<div class=\"elementor-container elementor-column-gap-default\">\n\t\t\t\t\t<div class=\"elementor-column elementor-col-100 elementor-inner-column elementor-element elementor-element-b3b22a5\" data-id=\"b3b22a5\" data-element_type=\"column\" data-settings=\"{&quot;background_background&quot;:&quot;classic&quot;}\">\n\t\t\t<div class=\"elementor-widget-wrap elementor-element-populated\">\n\t\t\t\t\t\t<div class=\"elementor-element elementor-element-4cc5dee fluentform-widget-submit-button-full-width fluent-form-widget-step-header-yes fluent-form-widget-step-progressbar-yes elementor-widget elementor-widget-fluent-form-widget\" data-id=\"4cc5dee\" data-element_type=\"widget\" data-widget_type=\"fluent-form-widget.default\">\n\t\t\t\t<div class=\"elementor-widget-container\">\n\t\t\t\n            <div class=\"fluentform-widget-wrapper fluentform-widget-align-default\">\n\n            \n            <div class='fluentform ff-default fluentform_wrapper_5 ffs_default_wrap'><form data-form_id=\"5\" id=\"fluentform_5\" class=\"frm-fluent-form fluent_form_5 ff-el-form-top ff_form_instance_5_1 ff-form-loading ffs_default\" data-form_instance=\"ff_form_instance_5_1\" method=\"POST\" ><fieldset  style=\"border: none!important;margin: 0!important;padding: 0!important;background-color: transparent!important;box-shadow: none!important;outline: none!important; min-inline-size: 100%;\">\n                    <legend class=\"ff_screen_reader_title\" style=\"display: block; margin: 0!important;padding: 0!important;height: 0!important;text-indent: -999999px;width: 0!important;overflow:hidden;\">Karrier regisztr\u00e1ci\u00f3<\/legend><p style=\"display: none !important;\" class=\"akismet-fields-container\" data-prefix=\"ak_\"><label>&#916;<textarea name=\"ak_hp_textarea\" cols=\"45\" rows=\"8\" maxlength=\"100\"><\/textarea><\/label><input type=\"hidden\" id=\"ak_js_1\" name=\"ak_js\" value=\"65\"\/><script>document.getElementById( \"ak_js_1\" ).setAttribute( \"value\", ( new Date() ).getTime() );<\/script><\/p><input type='hidden' name='__fluent_form_embded_post_id' value='2738' \/><input type=\"hidden\" id=\"_fluentform_5_fluentformnonce\" name=\"_fluentform_5_fluentformnonce\" value=\"62e75b2d19\" \/><input type=\"hidden\" name=\"_wp_http_referer\" value=\"\/ro\/wp-json\/wp\/v2\/pages\/2738\" \/><div class='ff-el-group'><div class=\"ff-el-input--label ff-el-is-required asterisk-right\"><label for='ff_5_input_text' aria-label=\"N\u00e9v\">N\u00e9v<\/label><\/div><div class='ff-el-input--content'><input type=\"text\" name=\"input_text\" class=\"ff-el-form-control\" placeholder=\"N\u00e9v\" data-name=\"input_text\" id=\"ff_5_input_text\"  aria-invalid=\"false\" aria-required=\"true\"><\/div><\/div><div class='ff-el-group'><div class=\"ff-el-input--label ff-el-is-required asterisk-right\"><label for='ff_5_email' aria-label=\"Email c\u00edm\">Email c\u00edm<\/label><\/div><div class='ff-el-input--content'><input type=\"email\" name=\"email\" id=\"ff_5_email\" class=\"ff-el-form-control\" placeholder=\"Email c\u00edm\" data-name=\"email\"  aria-invalid=\"false\" aria-required=\"true\"><\/div><\/div><div class='ff-el-group    ff-el-input--content'><div class='ff-el-form-check ff-el-tc'><label aria-label='Terms and Conditions: Elolvastam az adatkezel\u00e9si t\u00e1j\u00e9koztat\u00f3t. Contains 1 link. Use tab navigation to review.' class='ff-el-form-check-label ff_tc_label' for=\"gdpr-agreement_85a40b7d2d54a399af4e9f30537064e7\"><span class='ff_tc_checkbox'><input type=\"checkbox\" name=\"gdpr-agreement\" class=\"ff-el-form-check-input ff_gdpr_field\" data-name=\"gdpr-agreement\" id=\"gdpr-agreement_85a40b7d2d54a399af4e9f30537064e7\"  value='on' aria-invalid='false' aria-required=\"true\"><\/span> <div class='ff_t_c'>Elolvastam az <a href=\"https:\/\/invescom.hu\/wp-content\/uploads\/2023\/10\/TAJEKOZTATO-NYITOTT-POZICIOKKAL-KAPCSOLATOS-ADATKEZELESROL-Invescom-MA.pdf\" target=\"blank\">adatkezel\u00e9si t\u00e1j\u00e9koztat\u00f3t.<\/a><\/div><\/label><\/div><\/div><div class='ff-el-group    ff-el-input--content'><div class='ff-el-form-check ff-el-tc'><label aria-label='Szeretn\u00e9k feliratkozni a karrier adatb\u00e1zisba.' class='ff-el-form-check-label ff_tc_label' for=\"gdpr-agreement_1_24526ccd13ce346e253239c8ac4aed63\"><span class='ff_tc_checkbox'><input type=\"checkbox\" name=\"gdpr-agreement_1\" class=\"ff-el-form-check-input ff_gdpr_field\" data-name=\"gdpr-agreement_1\" id=\"gdpr-agreement_1_24526ccd13ce346e253239c8ac4aed63\"  value='on' aria-invalid='false' aria-required=\"true\"><\/span> <div class='ff_t_c'>Szeretn\u00e9k feliratkozni a karrier adatb\u00e1zisba.<\/div><\/label><\/div><\/div><div class='ff-el-group ff-text-left ff_submit_btn_wrapper'><button type=\"submit\" class=\"ff-btn ff-btn-submit ff-btn-md ff_btn_style\" >Feliratkozom a karrier adatb\u00e1zisba<\/button><\/div><\/fieldset><input type=\"hidden\" name=\"trp-form-language\" value=\"ro\"\/><\/form><div id='fluentform_5_errors' class='ff-errors-in-stack ff_form_instance_5_1 ff-form-loading_errors ff_form_instance_5_1_errors'><\/div><\/div>        <script type=\"text\/javascript\">\n            window.fluent_form_ff_form_instance_5_1 = {\"id\":\"5\",\"settings\":{\"layout\":{\"labelPlacement\":\"top\",\"helpMessagePlacement\":\"with_label\",\"errorMessagePlacement\":\"inline\"},\"restrictions\":{\"denyEmptySubmission\":{\"enabled\":false}}},\"form_instance\":\"ff_form_instance_5_1\",\"form_id_selector\":\"fluentform_5\",\"rules\":{\"input_text\":{\"required\":{\"value\":true,\"message\":\"A mez\\u0151 kit\\u00f6lt\\u00e9se k\\u00f6telez\\u0151.\"}},\"email\":{\"required\":{\"value\":true,\"message\":\"A mez\\u0151 kit\\u00f6ltet\\u00e9se k\\u00f6telez\\u0151.\"},\"email\":{\"value\":true,\"message\":\"\\u00c9rv\\u00e9nytelen email c\\u00edm.\"}},\"gdpr-agreement\":{\"required\":{\"value\":true,\"message\":\"A mez\\u0151 kit\\u00f6lt\\u00e9se k\\u00f6telez\\u0151.\"}},\"gdpr-agreement_1\":{\"required\":{\"value\":true,\"message\":\"A mez\\u0151 kit\\u00f6lt\\u00e9se k\\u00f6telez\\u0151.\"}}},\"debounce_time\":300};\n                    <\/script>\n                    <\/div>\n\n            \t\t<\/div>\n\t\t\t\t<\/div>\n\t\t\t\t\t<\/div>\n\t\t<\/div>\n\t\t\t\t\t<\/div>\n\t\t<\/section>\n\t\t\t\t\t<\/div>\n\t\t<\/div>\n\t\t\t\t\t<\/div>\n\t\t<\/section>\n\t\t\t\t<\/div>","protected":false},"excerpt":{"rendered":"<p>Karrier regisztr\u00e1ci\u00f3 Blank Form (#5) &#916; N\u00e9vEmail c\u00edm Elolvastam az adatkezel\u00e9si t\u00e1j\u00e9koztat\u00f3t. Szeretn\u00e9k feliratkozni a karrier adatb\u00e1zisba.Feliratkozom a karrier adatb\u00e1zisba<\/p>","protected":false},"author":5,"featured_media":0,"parent":0,"menu_order":0,"comment_status":"closed","ping_status":"closed","template":"","meta":{"footnotes":""},"class_list":["post-2738","page","type-page","status-publish","hentry"],"yoast_head":"<!-- This site is optimized with the Yoast SEO plugin v24.0 - https:\/\/yoast.com\/wordpress\/plugins\/seo\/ -->\n<title>Karrier regisztr\u00e1ci\u00f3 - Invescom - Tulajdonosi \u00e9rt\u00e9ket maximaliz\u00e1lunk<\/title>\n<meta name=\"description\" content=\"Invescom: A lehet\u0151 legjobb elad\u00e1si, vagy v\u00e9teli \u00e1rat \u00e9s optim\u00e1lis tranzakci\u00f3s felt\u00e9teleket \u00e9r\u00fcnk el az \u00fcgyfeleink sz\u00e1m\u00e1ra.\" \/>\n<meta name=\"robots\" content=\"index, follow, max-snippet:-1, max-image-preview:large, max-video-preview:-1\" \/>\n<link rel=\"canonical\" href=\"https:\/\/invescom.hu\/ro\/karrier-regisztracio\/\" \/>\n<meta property=\"og:locale\" content=\"ro_RO\" \/>\n<meta property=\"og:type\" content=\"article\" \/>\n<meta property=\"og:title\" content=\"Karrier regisztr\u00e1ci\u00f3 - Invescom - Tulajdonosi \u00e9rt\u00e9ket maximaliz\u00e1lunk\" \/>\n<meta property=\"og:description\" content=\"Invescom: A lehet\u0151 legjobb elad\u00e1si, vagy v\u00e9teli \u00e1rat \u00e9s optim\u00e1lis tranzakci\u00f3s felt\u00e9teleket \u00e9r\u00fcnk el az \u00fcgyfeleink sz\u00e1m\u00e1ra.\" \/>\n<meta property=\"og:url\" content=\"https:\/\/invescom.hu\/ro\/karrier-regisztracio\/\" \/>\n<meta property=\"og:site_name\" content=\"Invescom\" \/>\n<meta property=\"article:modified_time\" content=\"2023-10-12T05:52:40+00:00\" \/>\n<meta property=\"og:image\" content=\"https:\/\/invescom.hu\/wp-content\/uploads\/2023\/01\/ref-logo-invescom-kiemelt-1.png\" \/>\n\t<meta property=\"og:image:width\" content=\"499\" \/>\n\t<meta property=\"og:image:height\" content=\"332\" \/>\n\t<meta property=\"og:image:type\" content=\"image\/png\" \/>\n<meta name=\"twitter:card\" content=\"summary_large_image\" \/>\n<meta name=\"twitter:label1\" content=\"Timp estimat pentru citire\" \/>\n\t<meta name=\"twitter:data1\" content=\"1 minut\" \/>\n<script type=\"application\/ld+json\" class=\"yoast-schema-graph\">{\"@context\":\"https:\/\/schema.org\",\"@graph\":[{\"@type\":\"WebPage\",\"@id\":\"https:\/\/invescom.hu\/karrier-regisztracio\/\",\"url\":\"https:\/\/invescom.hu\/karrier-regisztracio\/\",\"name\":\"Karrier regisztr\u00e1ci\u00f3 - Invescom - Tulajdonosi \u00e9rt\u00e9ket maximaliz\u00e1lunk\",\"isPartOf\":{\"@id\":\"https:\/\/invescom.hu\/#website\"},\"datePublished\":\"2023-10-12T05:40:36+00:00\",\"dateModified\":\"2023-10-12T05:52:40+00:00\",\"description\":\"Invescom: A lehet\u0151 legjobb elad\u00e1si, vagy v\u00e9teli \u00e1rat \u00e9s optim\u00e1lis tranzakci\u00f3s felt\u00e9teleket \u00e9r\u00fcnk el az \u00fcgyfeleink sz\u00e1m\u00e1ra.\",\"breadcrumb\":{\"@id\":\"https:\/\/invescom.hu\/karrier-regisztracio\/#breadcrumb\"},\"inLanguage\":\"ro-RO\",\"potentialAction\":[{\"@type\":\"ReadAction\",\"target\":[\"https:\/\/invescom.hu\/karrier-regisztracio\/\"]}]},{\"@type\":\"BreadcrumbList\",\"@id\":\"https:\/\/invescom.hu\/karrier-regisztracio\/#breadcrumb\",\"itemListElement\":[{\"@type\":\"ListItem\",\"position\":1,\"name\":\"Kezd\u0151lap\",\"item\":\"https:\/\/invescom.hu\/\"},{\"@type\":\"ListItem\",\"position\":2,\"name\":\"Karrier regisztr\u00e1ci\u00f3\"}]},{\"@type\":\"WebSite\",\"@id\":\"https:\/\/invescom.hu\/#website\",\"url\":\"https:\/\/invescom.hu\/\",\"name\":\"Invescom\",\"description\":\"A lehet\u0151 legjobb elad\u00e1si, vagy v\u00e9teli \u00e1rat \u00e9s optim\u00e1lis tranzakci\u00f3s felt\u00e9teleket \u00e9r\u00fcnk el az \u00fcgyfeleink sz\u00e1m\u00e1ra.\",\"publisher\":{\"@id\":\"https:\/\/invescom.hu\/#organization\"},\"alternateName\":\"Invescom\",\"potentialAction\":[{\"@type\":\"SearchAction\",\"target\":{\"@type\":\"EntryPoint\",\"urlTemplate\":\"https:\/\/invescom.hu\/?s={search_term_string}\"},\"query-input\":{\"@type\":\"PropertyValueSpecification\",\"valueRequired\":true,\"valueName\":\"search_term_string\"}}],\"inLanguage\":\"ro-RO\"},{\"@type\":\"Organization\",\"@id\":\"https:\/\/invescom.hu\/#organization\",\"name\":\"Invescom T\u0151kebefektet\u00e9si Tan\u00e1csad\u00f3 Kft.\",\"alternateName\":\"Invescom\",\"url\":\"https:\/\/invescom.hu\/\",\"logo\":{\"@type\":\"ImageObject\",\"inLanguage\":\"ro-RO\",\"@id\":\"https:\/\/invescom.hu\/#\/schema\/logo\/image\/\",\"url\":\"https:\/\/invescom.hu\/wp-content\/uploads\/2023\/01\/ref-logo-invescom-kiemelt-1.png\",\"contentUrl\":\"https:\/\/invescom.hu\/wp-content\/uploads\/2023\/01\/ref-logo-invescom-kiemelt-1.png\",\"width\":499,\"height\":332,\"caption\":\"Invescom T\u0151kebefektet\u00e9si Tan\u00e1csad\u00f3 Kft.\"},\"image\":{\"@id\":\"https:\/\/invescom.hu\/#\/schema\/logo\/image\/\"},\"sameAs\":[\"https:\/\/www.linkedin.com\/company\/invescom-corporate-finance\/\"]}]}<\/script>\n<!-- \/ Yoast SEO plugin. -->","yoast_head_json":{"title":"Karrier regisztr\u00e1ci\u00f3 - Invescom - Tulajdonosi \u00e9rt\u00e9ket maximaliz\u00e1lunk","description":"Invescom: A lehet\u0151 legjobb elad\u00e1si, vagy v\u00e9teli \u00e1rat \u00e9s optim\u00e1lis tranzakci\u00f3s felt\u00e9teleket \u00e9r\u00fcnk el az \u00fcgyfeleink sz\u00e1m\u00e1ra.","robots":{"index":"index","follow":"follow","max-snippet":"max-snippet:-1","max-image-preview":"max-image-preview:large","max-video-preview":"max-video-preview:-1"},"canonical":"https:\/\/invescom.hu\/ro\/karrier-regisztracio\/","og_locale":"ro_RO","og_type":"article","og_title":"Karrier regisztr\u00e1ci\u00f3 - Invescom - Tulajdonosi \u00e9rt\u00e9ket maximaliz\u00e1lunk","og_description":"Invescom: A lehet\u0151 legjobb elad\u00e1si, vagy v\u00e9teli \u00e1rat \u00e9s optim\u00e1lis tranzakci\u00f3s felt\u00e9teleket \u00e9r\u00fcnk el az \u00fcgyfeleink sz\u00e1m\u00e1ra.","og_url":"https:\/\/invescom.hu\/ro\/karrier-regisztracio\/","og_site_name":"Invescom","article_modified_time":"2023-10-12T05:52:40+00:00","og_image":[{"width":499,"height":332,"url":"https:\/\/invescom.hu\/wp-content\/uploads\/2023\/01\/ref-logo-invescom-kiemelt-1.png","type":"image\/png"}],"twitter_card":"summary_large_image","twitter_misc":{"Timp estimat pentru citire":"1 minut"},"schema":{"@context":"https:\/\/schema.org","@graph":[{"@type":"WebPage","@id":"https:\/\/invescom.hu\/karrier-regisztracio\/","url":"https:\/\/invescom.hu\/karrier-regisztracio\/","name":"Karrier regisztr\u00e1ci\u00f3 - Invescom - Tulajdonosi \u00e9rt\u00e9ket maximaliz\u00e1lunk","isPartOf":{"@id":"https:\/\/invescom.hu\/#website"},"datePublished":"2023-10-12T05:40:36+00:00","dateModified":"2023-10-12T05:52:40+00:00","description":"Invescom: A lehet\u0151 legjobb elad\u00e1si, vagy v\u00e9teli \u00e1rat \u00e9s optim\u00e1lis tranzakci\u00f3s felt\u00e9teleket \u00e9r\u00fcnk el az \u00fcgyfeleink sz\u00e1m\u00e1ra.","breadcrumb":{"@id":"https:\/\/invescom.hu\/karrier-regisztracio\/#breadcrumb"},"inLanguage":"ro-RO","potentialAction":[{"@type":"ReadAction","target":["https:\/\/invescom.hu\/karrier-regisztracio\/"]}]},{"@type":"BreadcrumbList","@id":"https:\/\/invescom.hu\/karrier-regisztracio\/#breadcrumb","itemListElement":[{"@type":"ListItem","position":1,"name":"Kezd\u0151lap","item":"https:\/\/invescom.hu\/"},{"@type":"ListItem","position":2,"name":"Karrier regisztr\u00e1ci\u00f3"}]},{"@type":"WebSite","@id":"https:\/\/invescom.hu\/#website","url":"https:\/\/invescom.hu\/","name":"Invescom","description":"A lehet\u0151 legjobb elad\u00e1si, vagy v\u00e9teli \u00e1rat \u00e9s optim\u00e1lis tranzakci\u00f3s felt\u00e9teleket \u00e9r\u00fcnk el az \u00fcgyfeleink sz\u00e1m\u00e1ra.","publisher":{"@id":"https:\/\/invescom.hu\/#organization"},"alternateName":"Invescom","potentialAction":[{"@type":"SearchAction","target":{"@type":"EntryPoint","urlTemplate":"https:\/\/invescom.hu\/?s={search_term_string}"},"query-input":{"@type":"PropertyValueSpecification","valueRequired":true,"valueName":"search_term_string"}}],"inLanguage":"ro-RO"},{"@type":"Organization","@id":"https:\/\/invescom.hu\/#organization","name":"Invescom T\u0151kebefektet\u00e9si Tan\u00e1csad\u00f3 Kft.","alternateName":"Invescom","url":"https:\/\/invescom.hu\/","logo":{"@type":"ImageObject","inLanguage":"ro-RO","@id":"https:\/\/invescom.hu\/#\/schema\/logo\/image\/","url":"https:\/\/invescom.hu\/wp-content\/uploads\/2023\/01\/ref-logo-invescom-kiemelt-1.png","contentUrl":"https:\/\/invescom.hu\/wp-content\/uploads\/2023\/01\/ref-logo-invescom-kiemelt-1.png","width":499,"height":332,"caption":"Invescom T\u0151kebefektet\u00e9si Tan\u00e1csad\u00f3 Kft."},"image":{"@id":"https:\/\/invescom.hu\/#\/schema\/logo\/image\/"},"sameAs":["https:\/\/www.linkedin.com\/company\/invescom-corporate-finance\/"]}]}},"_links":{"self":[{"href":"https:\/\/invescom.hu\/ro\/wp-json\/wp\/v2\/pages\/2738","targetHints":{"allow":["GET"]}}],"collection":[{"href":"https:\/\/invescom.hu\/ro\/wp-json\/wp\/v2\/pages"}],"about":[{"href":"https:\/\/invescom.hu\/ro\/wp-json\/wp\/v2\/types\/page"}],"author":[{"embeddable":true,"href":"https:\/\/invescom.hu\/ro\/wp-json\/wp\/v2\/users\/5"}],"replies":[{"embeddable":true,"href":"https:\/\/invescom.hu\/ro\/wp-json\/wp\/v2\/comments?post=2738"}],"version-history":[{"count":0,"href":"https:\/\/invescom.hu\/ro\/wp-json\/wp\/v2\/pages\/2738\/revisions"}],"wp:attachment":[{"href":"https:\/\/invescom.hu\/ro\/wp-json\/wp\/v2\/media?parent=2738"}],"curies":[{"name":"wp","href":"https:\/\/api.w.org\/{rel}","templated":true}]}}