{"id":2949,"date":"2024-11-22T07:24:15","date_gmt":"2024-11-22T06:24:15","guid":{"rendered":"https:\/\/invescom.hu\/?page_id=2949"},"modified":"2024-12-04T08:38:06","modified_gmt":"2024-12-04T07:38:06","slug":"tajekoztato-nevjegyek-adatkezeleserol","status":"publish","type":"page","link":"https:\/\/invescom.hu\/ro\/notificari-privind-prelucrarea-datelor\/","title":{"rendered":"T\u00e1j\u00e9koztat\u00f3 n\u00e9vjegyek adatkezel\u00e9s\u00e9r\u0151l"},"content":{"rendered":"<div data-elementor-type=\"wp-page\" data-elementor-id=\"2949\" class=\"elementor elementor-2949\" data-elementor-post-type=\"page\">\n\t\t\t\t\t\t<section class=\"elementor-section elementor-top-section elementor-element elementor-element-7163d9a elementor-section-boxed elementor-section-height-default elementor-section-height-default\" data-id=\"7163d9a\" data-element_type=\"section\" data-settings=\"{&quot;jet_parallax_layout_list&quot;:[]}\">\n\t\t\t\t\t\t<div class=\"elementor-container elementor-column-gap-default\">\n\t\t\t\t\t<div class=\"elementor-column elementor-col-100 elementor-top-column elementor-element elementor-element-679ba90\" data-id=\"679ba90\" data-element_type=\"column\">\n\t\t\t<div class=\"elementor-widget-wrap elementor-element-populated\">\n\t\t\t\t\t\t<div class=\"elementor-element elementor-element-5fb8b69 elementor-widget elementor-widget-text-editor\" data-id=\"5fb8b69\" data-element_type=\"widget\" data-widget_type=\"text-editor.default\">\n\t\t\t\t<div class=\"elementor-widget-container\">\n\t\t\t\t\t\t\t<h1 style=\"text-align: center;\"><span style=\"color: #000000;\">NOTIFICARE PRIVIND PRELUCRAREA DATELOR<\/span><\/h1><h2 style=\"text-align: center;\"><strong>Prelucrarea datelor de contact personale de pe cardurile de vizit\u0103 \u0219i alte informa\u021bii de contact<\/strong><\/h2><p class=\" translation-block\"><p><strong>Invescom M&amp;A Tan\u00e1csad\u00f3 Kft<\/strong>. (1117 Budapesta, Domb\u00f3v\u00e1ri \u00fat 27, etajul 2, num\u0103r de \u00eenregistrare: 01-09-952151) (denumit\u0103 \u00een continuare \"Compania\/Operatorul de date\") furnizeaz\u0103 urm\u0103toarele informa\u021bii privind prelucrarea datelor cu caracter personal:<\/p><\/p><p><strong>Temei legal<\/strong> \u00a0\u00a0\u00a0\u00a0\u00a0\u00a0\u00a0\u00a0\u00a0\u00a0\u00a0\u00a0\u00a0\u00a0\u00a0\u00a0\u00a0\u00a0\u00a0\u00a0 \u00cen cazurile \u00een care datele de contact sunt furnizate \u00een contextul unei rela\u021bii de munc\u0103, temeiul legal este interesul legitim al partenerilor contractuali actuali sau viitori, lu\u00e2nd \u00een considerare rezultatele evalu\u0103rii interesului legitim conform GDPR (Articolul 6(f)). \u00cen cazurile \u00een care datele de contact sunt furnizate \u00eentr-un context care nu are leg\u0103tur\u0103 cu o rela\u021bie de munc\u0103, este necesar consim\u021b\u0103m\u00e2ntul persoanei vizate (Articolul 6(a) GDPR).<\/p><p>\u00cen conformitate cu punctul 6 din \u00a7 3 al Legii Informa\u021biilor, prelucrarea datelor disponibile public (inclusiv datele din Registrul Comer\u021bului) se realizeaz\u0103 pe baza unui interes legitim public \u0219i \u00een conformitate cu toate dispozi\u021biile relevante ale GDPR, \u00een special, dar nu limitat la, principiul limit\u0103rii scopului.<\/p><p><strong>Scop <\/strong>\u00a0\u00a0\u00a0\u00a0\u00a0\u00a0\u00a0\u00a0\u00a0\u00a0\u00a0\u00a0\u00a0\u00a0\u00a0\u00a0\u00a0\u00a0\u00a0\u00a0\u00a0\u00a0\u00a0\u00a0\u00a0\u00a0 Construirea de noi \u0219i men\u021binerea contactelor existente, facilitarea discu\u021biilor \u0219i comunic\u0103rii, precum \u0219i furnizarea de informa\u021bii adecvate despre nout\u0103\u021bi, rapoarte \u0219i analize legate de activitatea comercial\u0103.<\/p><p><strong>Date vizate<\/strong> \u00a0\u00a0\u00a0\u00a0\u00a0\u00a0\u00a0\u00a0 publicului din interes public (nume, adres\u0103 de e-mail).<\/p><p><strong>Durat\u0103<\/strong>: \u00a0\u00a0\u00a0\u00a0\u00a0\u00a0\u00a0\u00a0\u00a0\u00a0\u00a0\u00a0\u00a0\u00a0\u00a0\u00a0Nu mai mult de 1 an de la \u00eencetarea interesului legitim sau p\u00e2n\u0103 la retragerea consim\u021b\u0103m\u00e2ntului.<\/p><h2><strong><u>DREPTURILE PERSOANELOR VIZATE<\/u><\/strong><\/h2><p>Persoana vizat\u0103 are dreptul de a solicita informa\u021bii despre prelucrarea datelor sale personale, ceea ce include drepturile de acces, rectificare, opozi\u021bie, retragere a consim\u021b\u0103m\u00e2ntului \u0219i \u0219tergerea datelor (cu excep\u021bia cazurilor de prelucrare obligatorie), precum \u0219i dreptul la portabilitatea datelor. Aceste drepturi pot fi exercitate a\u0219a cum este specificat \u00een momentul colect\u0103rii datelor sau contact\u00e2nd Compania folosind detaliile de contact furnizate.<\/p><h2><strong>Dreptul de a solicita informa\u021bii: <\/strong><\/h2><p>Compania va lua m\u0103suri corespunz\u0103toare pentru a se asigura c\u0103 persoanele vizate sunt furnizate cu toate informa\u021biile privind prelucrarea datelor cu caracter personal, a\u0219a cum este prev\u0103zut \u00een Articolele 13 \u0219i 14 din GDPR, \u00eempreun\u0103 cu toate detaliile relevante specificate \u00een Articolele 15-22 \u0219i 34, \u00eentr-o manier\u0103 concis\u0103, transparent\u0103, inteligibil\u0103 \u0219i u\u0219or accesibil\u0103, folosind un limbaj clar \u0219i simplu.<\/p><p>Drepturile men\u021bionate anterior pot fi exercitate \u00een scris prin detaliile de contact ale Companiei a\u0219a cum sunt stabilite \u00een aceast\u0103 notificare. La solicitarea persoanei vizate \u0219i dup\u0103 verificarea identit\u0103\u021bii acesteia, informa\u021biile pot fi furnizate \u0219i oral.<\/p><h2><strong>Dreptul persoanei vizate la acces: <\/strong><\/h2><p>Persoana vizat\u0103 are dreptul de a primi feedback de la Companie cu privire la faptul dac\u0103 datele sale personale sunt sau nu prelucrate \u0219i, dac\u0103 aceast\u0103 prelucrare este \u00een desf\u0103\u0219urare, are dreptul de a accesa datele personale \u0219i urm\u0103toarele informa\u021bii:<\/p><ul><li>Scopurile prelucr\u0103rii;<\/li><li>Categoriile de date personale vizate;<\/li><li>Recipientii sau categoriile de destinatari c\u0103rora datele personale au fost sau vor fi divulgate;<\/li><li>Perioada inten\u021bionat\u0103 de stocare a datelor personale;<\/li><li>Dreptul la rectificare, \u0219tergere sau restric\u021bionare a prelucr\u0103rii \u0219i dreptul de a se opune;<\/li><li>Dreptul de a depune o pl\u00e2ngere la o autoritate de supraveghere;<\/li><li>Informa\u021bii despre sursele datelor;<\/li><li>Prezen\u021ba deciziilor automate, inclusiv profilarea.<\/li><\/ul><p>Compania va furniza informa\u021biile persoanei vizate nu mai t\u00e2rziu de o lun\u0103 de la primirea cererii.<\/p><h2><strong>Dreptul la rectificare:<\/strong><em>: <\/em><\/h2><p>Persoana vizat\u0103 poate solicita corectarea datelor personale inexacte referitoare la ea prelucrate de c\u0103tre Companie \u0219i completarea datelor incomplete.<\/p><h2><strong>Dreptul la \u0219tergere: <\/strong><\/h2><p>Dac\u0103 se aplic\u0103 unul dintre urm\u0103toarele motive, persoana vizat\u0103 are dreptul, la cerere \u0219i f\u0103r\u0103 \u00eent\u00e2rzieri nejustificate, s\u0103 aib\u0103 datele personale referitoare la ea \u0219terse de c\u0103tre Companie:<\/p><ul><li>Datele personale nu mai sunt necesare pentru scopurile pentru care au fost ini\u021bial colectate sau prelucrate prin alte mijloace.<\/li><li>Persoana vizat\u0103 \u00ee\u0219i retrage consim\u021b\u0103m\u00e2ntul pe baza c\u0103ruia a fost realizat\u0103 prelucrarea \u0219i nu exist\u0103 alt temei legal pentru prelucrare.<\/li><li>Persoana vizat\u0103 se opune prelucr\u0103rii \u0219i nu exist\u0103 motive legitime imperioase pentru prelucrare.<\/li><li>Datele personale au fost prelucrate ilegal.<\/li><li>\u0218tergerea datelor personale este necesar\u0103 pentru a respecta o obliga\u021bie legal\u0103 conform legisla\u021biei Uniunii Europene sau a statului membru c\u0103reia \u00eei este supus\u0103 Compania.<\/li><li>Datele personale au fost colectate \u00een leg\u0103tur\u0103 cu furnizarea serviciilor societ\u0103\u021bii informa\u021bionale.<\/li><\/ul><p>\u0218tergerea datelor nu poate fi ini\u021biat\u0103 dac\u0103 prelucrarea este necesar\u0103:<\/p><ul><li>Pentru exercitarea dreptului la libertatea de exprimare \u0219i la informa\u021bie;<\/li><li>Pentru a respecta o obliga\u021bie conform legisla\u021biei Uniunii Europene sau a statului membru aplicabil\u0103 Companiei care impune prelucrarea datelor cu caracter personal sau pentru a \u00eendeplini o sarcin\u0103 de interes public sau \u00een exercitarea autorit\u0103\u021bii oficiale cu care este investit\u0103 Compania;<\/li><li>\u00cen interesul public, pentru s\u0103n\u0103tate public\u0103, arhivare, cercetare \u0219tiin\u021bific\u0103 sau istoric\u0103, scopuri statistice;<\/li><li>Pentru constatarea, exercitarea sau ap\u0103rarea unor revendic\u0103ri legale.<\/li><\/ul><p><strong>\u00a0<\/strong><\/p><h2><strong>Dreptul la restric\u021bionarea prelucr\u0103rii: <\/strong><\/h2><p>Compania va restric\u021biona prelucrarea la cererea persoanei vizate dac\u0103 este \u00eendeplinit\u0103 oricare dintre urm\u0103toarele condi\u021bii:<\/p><ul><li>Persoana vizat\u0103 contest\u0103 exactitatea datelor personale, caz \u00een care restric\u021bionarea se va aplica pentru perioada necesar\u0103 pentru a permite verificarea exactit\u0103\u021bii datelor personale.<\/li><li>Prelucrarea este ilegal\u0103 \u0219i persoana vizat\u0103 se opune \u0219tergerii datelor \u0219i solicit\u0103 \u00een schimb restric\u021bionarea utiliz\u0103rii acestora.<\/li><li>Compania nu mai are nevoie de datele personale pentru scopurile prelucr\u0103rii, dar persoana vizat\u0103 le solicit\u0103 pentru constatarea, exercitarea sau ap\u0103rarea unor revendic\u0103ri legale.<\/li><li>Persoana vizat\u0103 s-a opus prelucr\u0103rii; \u00een acest caz, restric\u021bionarea se va aplica pentru o perioad\u0103 de timp p\u00e2n\u0103 c\u00e2nd se stabile\u0219te dac\u0103 motivele legitime ale Companiei prevaleaz\u0103 asupra motivelor legitime ale persoanei vizate.<\/li><\/ul><p>\u00cen cazurile \u00een care prelucrarea este supus\u0103 restric\u021bion\u0103rii, datele personale pot fi prelucrate \u2013 \u00een afar\u0103 de scopurile de stocare \u2013 doar cu consim\u021b\u0103m\u00e2ntul persoanei vizate, pentru constatarea, exercitarea sau ap\u0103rarea unor revendic\u0103ri legale, pentru protejarea drepturilor unei alte persoane fizice sau juridice sau pentru interese publice importante ale Uniunii Europene sau ale unui stat membru.<\/p><p>Compania va informa persoana vizat\u0103 despre ridicarea restric\u021biei prelucr\u0103rii.<\/p><h2><strong>Dreptul la portabilitatea datelor: <\/strong><\/h2><p>\u00cen cazul \u00een care prelucrarea este realizat\u0103 prin mijloace automate \u0219i Compania prelucreaz\u0103 datele pe baza consim\u021b\u0103m\u00e2ntului persoanei vizate sau pe baza unui temei contractual, persoana vizat\u0103 are dreptul s\u0103 primeasc\u0103 datele personale referitoare la ea, pe care le-a furnizat Companiei, \u00eentr-un format structurat, utilizat \u00een mod obi\u0219nuit \u0219i lizibil de dispozitiv \u0219i s\u0103 transmit\u0103 aceste date altui operator de date.<\/p><h2><strong>Dreptul de a se opune: <\/strong><\/h2><p>Persoana vizat\u0103 are dreptul de a se opune \u00een orice moment, din motive legate de situa\u021bia sa particular\u0103, prelucr\u0103rii datelor sale personale necesare pentru \u00eendeplinirea unei sarcini realizate \u00een interes public sau \u00een exercitarea autorit\u0103\u021bii oficiale cu care este investit\u0103 Compania, sau necesare pentru scopurile intereselor legitime urm\u0103rite de Companie sau de un ter\u021b, inclusiv profilarea pe baza acestor dispozi\u021bii. \u00cen cazul unei opozi\u021bii, Compania nu va mai prelucra datele personale, cu excep\u021bia cazului \u00een care exist\u0103 motive legitime imperioase pentru prelucrare care prevaleaz\u0103 asupra intereselor, drepturilor \u0219i libert\u0103\u021bilor persoanei vizate sau pentru constatarea, exercitarea sau ap\u0103rarea unor revendic\u0103ri legale.<\/p><p>C\u00e2nd datele personale sunt prelucrate \u00een scopuri de marketing direct, persoana vizat\u0103 are dreptul de a se opune \u00een orice moment prelucr\u0103rii datelor sale personale pentru aceste scopuri, inclusiv profilarea. \u00cen cazul unei opozi\u021bii la prelucrarea datelor personale \u00een scopuri de marketing direct, datele nu vor mai fi prelucrate pentru aceste scopuri.<\/p><h2><strong>Decizii automate \u00een cazuri individuale, inclusiv profilarea: <\/strong><\/h2><p>Persoana vizat\u0103 are dreptul de a nu face obiectul unei decizii bazate exclusiv pe prelucrarea automat\u0103, inclusiv profilarea, care produce efecte juridice asupra sa sau care o afecteaz\u0103 \u00een mod similar \u00eentr-o m\u0103sur\u0103 semnificativ\u0103.<\/p><p>Dreptul men\u021bionat anterior nu se aplic\u0103 \u00een cazul \u00een care prelucrarea este:<\/p><ul><li>Necesar\u0103 pentru \u00eencheierea sau executarea unui contract \u00eentre persoana vizat\u0103 \u0219i Companie;<\/li><li>Autorizat\u0103 de legisla\u021bia Uniunii Europene sau a unui stat membru la care este supus\u0103 Compania \u0219i care prevede, de asemenea, m\u0103suri adecvate pentru protejarea drepturilor, libert\u0103\u021bilor \u0219i intereselor legitime ale persoanei vizate; sau<\/li><li>Bazat\u0103 pe consim\u021b\u0103m\u00e2ntul explicit al persoanei vizate.<\/li><\/ul><p><strong>\u00a0<\/strong><\/p><h2><strong>Dreptul de retragere: <\/strong><\/h2><p>Persoana vizat\u0103 are dreptul de a-\u0219i retrage consim\u021b\u0103m\u00e2ntul \u00een orice moment. Retragerea consim\u021b\u0103m\u00e2ntului nu afecteaz\u0103 legalitatea prelucr\u0103rii pe baza consim\u021b\u0103m\u00e2ntului \u00eenainte de retragerea acestuia.<\/p><h2><strong>Dreptul la c\u0103i de atac:<\/strong><\/h2><p><u>Dreptul de a se adresa instan\u021belor: <\/u><\/p><p>Persoana vizat\u0103 poate ac\u021biona \u00een justi\u021bie \u00een cazul \u00een care drepturile sale sunt \u00eenc\u0103lcate. Instan\u021ba va solu\u021biona cazul cu prioritate.<\/p><p><u>Dreptul la o cale de atac judiciar\u0103: <\/u><\/p><p>Pl\u00e2ngerile pot fi depuse la Autoritatea Na\u021bional\u0103 pentru Protec\u021bia Datelor \u0219i Libertatea Informa\u021biilor folosind detaliile de contact furnizate pe site-ul lor <a href=\"http:\/\/www.naih.hu\">www.naih.hu<\/a> .<\/p>\t\t\t\t\t\t<\/div>\n\t\t\t\t<\/div>\n\t\t\t\t\t<\/div>\n\t\t<\/div>\n\t\t\t\t\t<\/div>\n\t\t<\/section>\n\t\t\t\t<\/div>","protected":false},"excerpt":{"rendered":"<p>ADATKEZEL\u00c9SI T\u00c1J\u00c9KOZTAT\u00d3 N\u00e9vjegyek \u00e9s egy\u00e9b kapcsolattart\u00e1ssal \u00f6sszef\u00fcgg\u0151 szem\u00e9lyes adatok kezel\u00e9s\u00e9vel \u00f6sszef\u00fcgg\u00e9sben Az Invescom M&amp;A Tan\u00e1csad\u00f3 Kft. (1117 Budapest, Domb\u00f3v\u00e1ri \u00fat 27. 2. emelet, c\u00e9gjegyz\u00e9ksz\u00e1m: 01-09-952151) (a tov\u00e1bbiakban: T\u00e1rsas\u00e1g\/Adatkezel\u0151) az al\u00e1bbi t\u00e1j\u00e9koztat\u00e1st ny\u00fajtja a n\u00e9vjegyek \u00e9s egy\u00e9b kapcsolattart\u00e1ssal \u00f6sszef\u00fcgg\u0151 szem\u00e9lyes adatok kezel\u00e9s\u00e9vel \u00f6sszef\u00fcgg\u00e9sben: Jogalap: \u00a0\u00a0\u00a0\u00a0\u00a0\u00a0\u00a0\u00a0\u00a0\u00a0\u00a0\u00a0\u00a0\u00a0\u00a0\u00a0\u00a0\u00a0\u00a0\u00a0 munkaviszonnyal \u00f6sszef\u00fcgg\u00e9sben \u00e1tadott N\u00e9vjegyadatok eset\u00e9n a jelenlegi \u00e9s j\u00f6v\u0151beli szerz\u0151d\u00e9ses partner [&hellip;]<\/p>","protected":false},"author":5,"featured_media":0,"parent":0,"menu_order":0,"comment_status":"closed","ping_status":"closed","template":"","meta":{"footnotes":""},"class_list":["post-2949","page","type-page","status-publish","hentry"],"yoast_head":"<!-- This site is optimized with the Yoast SEO plugin v24.0 - https:\/\/yoast.com\/wordpress\/plugins\/seo\/ -->\n<title>T\u00e1j\u00e9koztat\u00f3 n\u00e9vjegyek adatkezel\u00e9s\u00e9r\u0151l - Invescom - Tulajdonosi \u00e9rt\u00e9ket maximaliz\u00e1lunk<\/title>\n<meta name=\"description\" content=\"Invescom: A lehet\u0151 legjobb elad\u00e1si, vagy v\u00e9teli \u00e1rat \u00e9s optim\u00e1lis tranzakci\u00f3s felt\u00e9teleket \u00e9r\u00fcnk el az \u00fcgyfeleink sz\u00e1m\u00e1ra.\" \/>\n<meta name=\"robots\" content=\"index, follow, max-snippet:-1, max-image-preview:large, max-video-preview:-1\" \/>\n<link rel=\"canonical\" href=\"https:\/\/invescom.hu\/ro\/notificari-privind-prelucrarea-datelor\/\" \/>\n<meta property=\"og:locale\" content=\"ro_RO\" \/>\n<meta property=\"og:type\" content=\"article\" \/>\n<meta property=\"og:title\" content=\"T\u00e1j\u00e9koztat\u00f3 n\u00e9vjegyek adatkezel\u00e9s\u00e9r\u0151l - Invescom - Tulajdonosi \u00e9rt\u00e9ket maximaliz\u00e1lunk\" \/>\n<meta property=\"og:description\" content=\"Invescom: A lehet\u0151 legjobb elad\u00e1si, vagy v\u00e9teli \u00e1rat \u00e9s optim\u00e1lis tranzakci\u00f3s felt\u00e9teleket \u00e9r\u00fcnk el az \u00fcgyfeleink sz\u00e1m\u00e1ra.\" \/>\n<meta property=\"og:url\" content=\"https:\/\/invescom.hu\/ro\/notificari-privind-prelucrarea-datelor\/\" \/>\n<meta property=\"og:site_name\" content=\"Invescom\" \/>\n<meta property=\"article:modified_time\" content=\"2024-12-04T07:38:06+00:00\" \/>\n<meta property=\"og:image\" content=\"https:\/\/invescom.hu\/wp-content\/uploads\/2023\/01\/ref-logo-invescom-kiemelt-1.png\" \/>\n\t<meta property=\"og:image:width\" content=\"499\" \/>\n\t<meta property=\"og:image:height\" content=\"332\" \/>\n\t<meta property=\"og:image:type\" content=\"image\/png\" \/>\n<meta name=\"twitter:card\" content=\"summary_large_image\" \/>\n<meta name=\"twitter:label1\" content=\"Timp estimat pentru citire\" \/>\n\t<meta name=\"twitter:data1\" content=\"5 minute\" \/>\n<script type=\"application\/ld+json\" class=\"yoast-schema-graph\">{\"@context\":\"https:\/\/schema.org\",\"@graph\":[{\"@type\":\"WebPage\",\"@id\":\"https:\/\/invescom.hu\/tajekoztato-nevjegyek-adatkezeleserol\/\",\"url\":\"https:\/\/invescom.hu\/tajekoztato-nevjegyek-adatkezeleserol\/\",\"name\":\"T\u00e1j\u00e9koztat\u00f3 n\u00e9vjegyek adatkezel\u00e9s\u00e9r\u0151l - Invescom - Tulajdonosi \u00e9rt\u00e9ket maximaliz\u00e1lunk\",\"isPartOf\":{\"@id\":\"https:\/\/invescom.hu\/#website\"},\"datePublished\":\"2024-11-22T06:24:15+00:00\",\"dateModified\":\"2024-12-04T07:38:06+00:00\",\"description\":\"Invescom: A lehet\u0151 legjobb elad\u00e1si, vagy v\u00e9teli \u00e1rat \u00e9s optim\u00e1lis tranzakci\u00f3s felt\u00e9teleket \u00e9r\u00fcnk el az \u00fcgyfeleink sz\u00e1m\u00e1ra.\",\"breadcrumb\":{\"@id\":\"https:\/\/invescom.hu\/tajekoztato-nevjegyek-adatkezeleserol\/#breadcrumb\"},\"inLanguage\":\"ro-RO\",\"potentialAction\":[{\"@type\":\"ReadAction\",\"target\":[\"https:\/\/invescom.hu\/tajekoztato-nevjegyek-adatkezeleserol\/\"]}]},{\"@type\":\"BreadcrumbList\",\"@id\":\"https:\/\/invescom.hu\/tajekoztato-nevjegyek-adatkezeleserol\/#breadcrumb\",\"itemListElement\":[{\"@type\":\"ListItem\",\"position\":1,\"name\":\"Kezd\u0151lap\",\"item\":\"https:\/\/invescom.hu\/\"},{\"@type\":\"ListItem\",\"position\":2,\"name\":\"T\u00e1j\u00e9koztat\u00f3 n\u00e9vjegyek adatkezel\u00e9s\u00e9r\u0151l\"}]},{\"@type\":\"WebSite\",\"@id\":\"https:\/\/invescom.hu\/#website\",\"url\":\"https:\/\/invescom.hu\/\",\"name\":\"Invescom\",\"description\":\"A lehet\u0151 legjobb elad\u00e1si, vagy v\u00e9teli \u00e1rat \u00e9s optim\u00e1lis tranzakci\u00f3s felt\u00e9teleket \u00e9r\u00fcnk el az \u00fcgyfeleink sz\u00e1m\u00e1ra.\",\"publisher\":{\"@id\":\"https:\/\/invescom.hu\/#organization\"},\"alternateName\":\"Invescom\",\"potentialAction\":[{\"@type\":\"SearchAction\",\"target\":{\"@type\":\"EntryPoint\",\"urlTemplate\":\"https:\/\/invescom.hu\/?s={search_term_string}\"},\"query-input\":{\"@type\":\"PropertyValueSpecification\",\"valueRequired\":true,\"valueName\":\"search_term_string\"}}],\"inLanguage\":\"ro-RO\"},{\"@type\":\"Organization\",\"@id\":\"https:\/\/invescom.hu\/#organization\",\"name\":\"Invescom T\u0151kebefektet\u00e9si Tan\u00e1csad\u00f3 Kft.\",\"alternateName\":\"Invescom\",\"url\":\"https:\/\/invescom.hu\/\",\"logo\":{\"@type\":\"ImageObject\",\"inLanguage\":\"ro-RO\",\"@id\":\"https:\/\/invescom.hu\/#\/schema\/logo\/image\/\",\"url\":\"https:\/\/invescom.hu\/wp-content\/uploads\/2023\/01\/ref-logo-invescom-kiemelt-1.png\",\"contentUrl\":\"https:\/\/invescom.hu\/wp-content\/uploads\/2023\/01\/ref-logo-invescom-kiemelt-1.png\",\"width\":499,\"height\":332,\"caption\":\"Invescom T\u0151kebefektet\u00e9si Tan\u00e1csad\u00f3 Kft.\"},\"image\":{\"@id\":\"https:\/\/invescom.hu\/#\/schema\/logo\/image\/\"},\"sameAs\":[\"https:\/\/www.linkedin.com\/company\/invescom-corporate-finance\/\"]}]}<\/script>\n<!-- \/ Yoast SEO plugin. -->","yoast_head_json":{"title":"T\u00e1j\u00e9koztat\u00f3 n\u00e9vjegyek adatkezel\u00e9s\u00e9r\u0151l - Invescom - Tulajdonosi \u00e9rt\u00e9ket maximaliz\u00e1lunk","description":"Invescom: A lehet\u0151 legjobb elad\u00e1si, vagy v\u00e9teli \u00e1rat \u00e9s optim\u00e1lis tranzakci\u00f3s felt\u00e9teleket \u00e9r\u00fcnk el az \u00fcgyfeleink sz\u00e1m\u00e1ra.","robots":{"index":"index","follow":"follow","max-snippet":"max-snippet:-1","max-image-preview":"max-image-preview:large","max-video-preview":"max-video-preview:-1"},"canonical":"https:\/\/invescom.hu\/ro\/notificari-privind-prelucrarea-datelor\/","og_locale":"ro_RO","og_type":"article","og_title":"T\u00e1j\u00e9koztat\u00f3 n\u00e9vjegyek adatkezel\u00e9s\u00e9r\u0151l - Invescom - Tulajdonosi \u00e9rt\u00e9ket maximaliz\u00e1lunk","og_description":"Invescom: A lehet\u0151 legjobb elad\u00e1si, vagy v\u00e9teli \u00e1rat \u00e9s optim\u00e1lis tranzakci\u00f3s felt\u00e9teleket \u00e9r\u00fcnk el az \u00fcgyfeleink sz\u00e1m\u00e1ra.","og_url":"https:\/\/invescom.hu\/ro\/notificari-privind-prelucrarea-datelor\/","og_site_name":"Invescom","article_modified_time":"2024-12-04T07:38:06+00:00","og_image":[{"width":499,"height":332,"url":"https:\/\/invescom.hu\/wp-content\/uploads\/2023\/01\/ref-logo-invescom-kiemelt-1.png","type":"image\/png"}],"twitter_card":"summary_large_image","twitter_misc":{"Timp estimat pentru citire":"5 minute"},"schema":{"@context":"https:\/\/schema.org","@graph":[{"@type":"WebPage","@id":"https:\/\/invescom.hu\/tajekoztato-nevjegyek-adatkezeleserol\/","url":"https:\/\/invescom.hu\/tajekoztato-nevjegyek-adatkezeleserol\/","name":"T\u00e1j\u00e9koztat\u00f3 n\u00e9vjegyek adatkezel\u00e9s\u00e9r\u0151l - Invescom - Tulajdonosi \u00e9rt\u00e9ket maximaliz\u00e1lunk","isPartOf":{"@id":"https:\/\/invescom.hu\/#website"},"datePublished":"2024-11-22T06:24:15+00:00","dateModified":"2024-12-04T07:38:06+00:00","description":"Invescom: A lehet\u0151 legjobb elad\u00e1si, vagy v\u00e9teli \u00e1rat \u00e9s optim\u00e1lis tranzakci\u00f3s felt\u00e9teleket \u00e9r\u00fcnk el az \u00fcgyfeleink sz\u00e1m\u00e1ra.","breadcrumb":{"@id":"https:\/\/invescom.hu\/tajekoztato-nevjegyek-adatkezeleserol\/#breadcrumb"},"inLanguage":"ro-RO","potentialAction":[{"@type":"ReadAction","target":["https:\/\/invescom.hu\/tajekoztato-nevjegyek-adatkezeleserol\/"]}]},{"@type":"BreadcrumbList","@id":"https:\/\/invescom.hu\/tajekoztato-nevjegyek-adatkezeleserol\/#breadcrumb","itemListElement":[{"@type":"ListItem","position":1,"name":"Kezd\u0151lap","item":"https:\/\/invescom.hu\/"},{"@type":"ListItem","position":2,"name":"T\u00e1j\u00e9koztat\u00f3 n\u00e9vjegyek adatkezel\u00e9s\u00e9r\u0151l"}]},{"@type":"WebSite","@id":"https:\/\/invescom.hu\/#website","url":"https:\/\/invescom.hu\/","name":"Invescom","description":"A lehet\u0151 legjobb elad\u00e1si, vagy v\u00e9teli \u00e1rat \u00e9s optim\u00e1lis tranzakci\u00f3s felt\u00e9teleket \u00e9r\u00fcnk el az \u00fcgyfeleink sz\u00e1m\u00e1ra.","publisher":{"@id":"https:\/\/invescom.hu\/#organization"},"alternateName":"Invescom","potentialAction":[{"@type":"SearchAction","target":{"@type":"EntryPoint","urlTemplate":"https:\/\/invescom.hu\/?s={search_term_string}"},"query-input":{"@type":"PropertyValueSpecification","valueRequired":true,"valueName":"search_term_string"}}],"inLanguage":"ro-RO"},{"@type":"Organization","@id":"https:\/\/invescom.hu\/#organization","name":"Invescom T\u0151kebefektet\u00e9si Tan\u00e1csad\u00f3 Kft.","alternateName":"Invescom","url":"https:\/\/invescom.hu\/","logo":{"@type":"ImageObject","inLanguage":"ro-RO","@id":"https:\/\/invescom.hu\/#\/schema\/logo\/image\/","url":"https:\/\/invescom.hu\/wp-content\/uploads\/2023\/01\/ref-logo-invescom-kiemelt-1.png","contentUrl":"https:\/\/invescom.hu\/wp-content\/uploads\/2023\/01\/ref-logo-invescom-kiemelt-1.png","width":499,"height":332,"caption":"Invescom T\u0151kebefektet\u00e9si Tan\u00e1csad\u00f3 Kft."},"image":{"@id":"https:\/\/invescom.hu\/#\/schema\/logo\/image\/"},"sameAs":["https:\/\/www.linkedin.com\/company\/invescom-corporate-finance\/"]}]}},"_links":{"self":[{"href":"https:\/\/invescom.hu\/ro\/wp-json\/wp\/v2\/pages\/2949","targetHints":{"allow":["GET"]}}],"collection":[{"href":"https:\/\/invescom.hu\/ro\/wp-json\/wp\/v2\/pages"}],"about":[{"href":"https:\/\/invescom.hu\/ro\/wp-json\/wp\/v2\/types\/page"}],"author":[{"embeddable":true,"href":"https:\/\/invescom.hu\/ro\/wp-json\/wp\/v2\/users\/5"}],"replies":[{"embeddable":true,"href":"https:\/\/invescom.hu\/ro\/wp-json\/wp\/v2\/comments?post=2949"}],"version-history":[{"count":0,"href":"https:\/\/invescom.hu\/ro\/wp-json\/wp\/v2\/pages\/2949\/revisions"}],"wp:attachment":[{"href":"https:\/\/invescom.hu\/ro\/wp-json\/wp\/v2\/media?parent=2949"}],"curies":[{"name":"wp","href":"https:\/\/api.w.org\/{rel}","templated":true}]}}