{"id":3202,"date":"2025-11-18T11:04:57","date_gmt":"2025-11-18T10:04:57","guid":{"rendered":"https:\/\/invescom.hu\/?page_id=3202"},"modified":"2025-11-25T12:06:52","modified_gmt":"2025-11-25T11:06:52","slug":"tech-ma-report-h12025","status":"publish","type":"page","link":"https:\/\/invescom.hu\/ro\/tech-ma-report-h12025\/","title":{"rendered":"Tech MA Report h12025"},"content":{"rendered":"<div data-elementor-type=\"wp-page\" data-elementor-id=\"3202\" class=\"elementor elementor-3202\" data-elementor-post-type=\"page\">\n\t\t\t\t\t\t<section class=\"elementor-section elementor-top-section elementor-element elementor-element-fe7f2b9 elementor-section-height-min-height elementor-section-boxed elementor-section-height-default elementor-section-items-middle\" data-id=\"fe7f2b9\" data-element_type=\"section\" data-settings=\"{&quot;background_background&quot;:&quot;classic&quot;,&quot;jet_parallax_layout_list&quot;:[]}\">\n\t\t\t\t\t\t<div class=\"elementor-container elementor-column-gap-default\">\n\t\t\t\t\t<div class=\"elementor-column elementor-col-100 elementor-top-column elementor-element elementor-element-270f4f7\" data-id=\"270f4f7\" data-element_type=\"column\">\n\t\t\t<div class=\"elementor-widget-wrap elementor-element-populated\">\n\t\t\t\t\t\t<section class=\"elementor-section elementor-inner-section elementor-element elementor-element-fbda625 elementor-section-content-middle elementor-section-boxed elementor-section-height-default elementor-section-height-default\" data-id=\"fbda625\" data-element_type=\"section\" data-settings=\"{&quot;jet_parallax_layout_list&quot;:[]}\">\n\t\t\t\t\t\t<div class=\"elementor-container elementor-column-gap-default\">\n\t\t\t\t\t<div class=\"elementor-column elementor-col-50 elementor-inner-column elementor-element elementor-element-a286716\" data-id=\"a286716\" data-element_type=\"column\">\n\t\t\t<div class=\"elementor-widget-wrap elementor-element-populated\">\n\t\t\t\t\t\t<div class=\"elementor-element elementor-element-c971ef2 elementor-widget__width-initial elementor-widget elementor-widget-heading\" data-id=\"c971ef2\" data-element_type=\"widget\" data-widget_type=\"heading.default\">\n\t\t\t\t<div class=\"elementor-widget-container\">\n\t\t\t<h1 class=\"elementor-heading-title elementor-size-default\">TECH M&amp;A REPORT | November 2025<\/h1>\t\t<\/div>\n\t\t\t\t<\/div>\n\t\t\t\t<div class=\"elementor-element elementor-element-849a904 elementor-widget__width-initial elementor-widget elementor-widget-text-editor\" data-id=\"849a904\" data-element_type=\"widget\" data-widget_type=\"text-editor.default\">\n\t\t\t\t<div class=\"elementor-widget-container\">\n\t\t\t\t\t\t\t<p>Welcome to the November 2025 issue of <em><strong>Tech M&amp;A in CEE<\/strong>,<\/em> a biannual report focusing on M&amp;A (mergers &amp; acquisitions) trends and valuation levels in the Central and Eastern European technology sector.<\/p>\t\t\t\t\t\t<\/div>\n\t\t\t\t<\/div>\n\t\t\t\t\t<\/div>\n\t\t<\/div>\n\t\t\t\t<div class=\"elementor-column elementor-col-50 elementor-inner-column elementor-element elementor-element-48f2704 elementor-hidden-tablet elementor-hidden-mobile\" data-id=\"48f2704\" data-element_type=\"column\">\n\t\t\t<div class=\"elementor-widget-wrap\">\n\t\t\t\t\t\t\t<\/div>\n\t\t<\/div>\n\t\t\t\t\t<\/div>\n\t\t<\/section>\n\t\t\t\t\t<\/div>\n\t\t<\/div>\n\t\t\t\t\t<\/div>\n\t\t<\/section>\n\t\t\t\t<section class=\"elementor-section elementor-top-section elementor-element elementor-element-c9e664c elementor-section-content-top elementor-section-height-min-height elementor-section-boxed elementor-section-height-default elementor-section-items-middle\" data-id=\"c9e664c\" data-element_type=\"section\" id=\"prepare\" data-settings=\"{&quot;jet_parallax_layout_list&quot;:[],&quot;background_background&quot;:&quot;classic&quot;}\">\n\t\t\t\t\t\t<div class=\"elementor-container elementor-column-gap-default\">\n\t\t\t\t\t<div class=\"elementor-column elementor-col-100 elementor-top-column elementor-element elementor-element-5fa91e3\" data-id=\"5fa91e3\" data-element_type=\"column\">\n\t\t\t<div class=\"elementor-widget-wrap elementor-element-populated\">\n\t\t\t\t\t\t<section class=\"elementor-section elementor-inner-section elementor-element elementor-element-53f9d46 elementor-section-content-middle elementor-section-boxed elementor-section-height-default elementor-section-height-default\" data-id=\"53f9d46\" data-element_type=\"section\" id=\"learn-more\" data-settings=\"{&quot;jet_parallax_layout_list&quot;:[]}\">\n\t\t\t\t\t\t<div class=\"elementor-container elementor-column-gap-default\">\n\t\t\t\t\t<div class=\"elementor-column elementor-col-50 elementor-inner-column elementor-element elementor-element-de14554\" data-id=\"de14554\" data-element_type=\"column\">\n\t\t\t<div class=\"elementor-widget-wrap elementor-element-populated\">\n\t\t\t\t\t\t<div class=\"elementor-element elementor-element-76d252d elementor-widget elementor-widget-heading\" data-id=\"76d252d\" data-element_type=\"widget\" data-widget_type=\"heading.default\">\n\t\t\t\t<div class=\"elementor-widget-container\">\n\t\t\t<h2 class=\"elementor-heading-title elementor-size-default\">Content<\/h2>\t\t<\/div>\n\t\t\t\t<\/div>\n\t\t\t\t<div class=\"elementor-element elementor-element-87321c6 elementor-icon-list--layout-traditional elementor-list-item-link-full_width elementor-widget elementor-widget-icon-list\" data-id=\"87321c6\" data-element_type=\"widget\" data-widget_type=\"icon-list.default\">\n\t\t\t\t<div class=\"elementor-widget-container\">\n\t\t\t\t\t<ul class=\"elementor-icon-list-items\">\n\t\t\t\t\t\t\t<li class=\"elementor-icon-list-item\">\n\t\t\t\t\t\t\t\t\t\t\t<span class=\"elementor-icon-list-icon\">\n\t\t\t\t\t\t\t<i aria-hidden=\"true\" class=\"fas fa-check-circle\"><\/i>\t\t\t\t\t\t<\/span>\n\t\t\t\t\t\t\t\t\t\t<span class=\"elementor-icon-list-text\">Scaling tech businesses via M&A \u2013 CEE success stories<\/span>\n\t\t\t\t\t\t\t\t\t<\/li>\n\t\t\t\t\t\t\t\t<li class=\"elementor-icon-list-item\">\n\t\t\t\t\t\t\t\t\t\t\t<span class=\"elementor-icon-list-icon\">\n\t\t\t\t\t\t\t<i aria-hidden=\"true\" class=\"fas fa-check-circle\"><\/i>\t\t\t\t\t\t<\/span>\n\t\t\t\t\t\t\t\t\t\t<span class=\"elementor-icon-list-text\">Information and 2025 H1 statistics on M&A transactions and valuations in the Software and IT Services space in Europe and CEE<\/span>\n\t\t\t\t\t\t\t\t\t<\/li>\n\t\t\t\t\t\t\t\t<li class=\"elementor-icon-list-item\">\n\t\t\t\t\t\t\t\t\t\t\t<span class=\"elementor-icon-list-icon\">\n\t\t\t\t\t\t\t<i aria-hidden=\"true\" class=\"fas fa-check-circle\"><\/i>\t\t\t\t\t\t<\/span>\n\t\t\t\t\t\t\t\t\t\t<span class=\"elementor-icon-list-text\">A US tech investment banker\u2019s view: M&A trends and opportunities in technology<\/span>\n\t\t\t\t\t\t\t\t\t<\/li>\n\t\t\t\t\t\t<\/ul>\n\t\t\t\t<\/div>\n\t\t\t\t<\/div>\n\t\t\t\t<div class=\"elementor-element elementor-element-b605fd0 fluent-form-widget-step-header-yes fluent-form-widget-step-progressbar-yes fluentform-widget-submit-button-custom elementor-widget elementor-widget-fluent-form-widget\" data-id=\"b605fd0\" data-element_type=\"widget\" data-widget_type=\"fluent-form-widget.default\">\n\t\t\t\t<div class=\"elementor-widget-container\">\n\t\t\t\n            <div class=\"fluentform-widget-wrapper fluentform-widget-align-default\">\n\n            \n            <div class='fluentform ff-default fluentform_wrapper_10 ffs_default_wrap'><form data-form_id=\"10\" id=\"fluentform_10\" class=\"frm-fluent-form fluent_form_10 ff-el-form-top ff_form_instance_10_1 ff-form-loading ffs_default\" data-form_instance=\"ff_form_instance_10_1\" method=\"POST\" ><fieldset  style=\"border: none!important;margin: 0!important;padding: 0!important;background-color: transparent!important;box-shadow: none!important;outline: none!important; min-inline-size: 100%;\">\n                    <legend class=\"ff_screen_reader_title\" style=\"display: block; margin: 0!important;padding: 0!important;height: 0!important;text-indent: -999999px;width: 0!important;overflow:hidden;\">Tech MA Report h12005<\/legend><p style=\"display: none !important;\" class=\"akismet-fields-container\" data-prefix=\"ak_\"><label>&#916;<textarea name=\"ak_hp_textarea\" cols=\"45\" rows=\"8\" maxlength=\"100\"><\/textarea><\/label><input type=\"hidden\" id=\"ak_js_1\" name=\"ak_js\" value=\"80\"\/><script>document.getElementById( \"ak_js_1\" ).setAttribute( \"value\", ( new Date() ).getTime() );<\/script><\/p><input type='hidden' name='__fluent_form_embded_post_id' value='3202' \/><input type=\"hidden\" id=\"_fluentform_10_fluentformnonce\" name=\"_fluentform_10_fluentformnonce\" value=\"e27e509a38\" \/><input type=\"hidden\" name=\"_wp_http_referer\" value=\"\/ro\/wp-json\/wp\/v2\/pages\/3202\" \/><div class='ff-el-group    ff-el-input--content'><div class='ff-el-form-check ff-el-tc'><label aria-label='Terms and Conditions: I have read Invescom\u2019s Data Processing Notice. Contains 1 link. Use tab navigation to review.' class='ff-el-form-check-label ff_tc_label' for=\"gdpr-agreement_d5fb4023c9319cb147ac26aa1c078726\"><span class='ff_tc_checkbox'><input type=\"checkbox\" name=\"gdpr-agreement\" class=\"ff-el-form-check-input ff_gdpr_field\" data-name=\"gdpr-agreement\" id=\"gdpr-agreement_d5fb4023c9319cb147ac26aa1c078726\"  value='on' aria-invalid='false' aria-required=\"true\"><\/span> <div class='ff_t_c'>I have read Invescom\u2019s <a href=\"https:\/\/invescom.hu\/en\/notice-for-processing-contact-information\/\" target=\"_blank\" rel=\"noopener\">Data Processing Notice.<\/a><\/div><\/label><\/div><\/div><div class='ff-el-group ff-text-left ff_submit_btn_wrapper'><button type=\"submit\" class=\"ff-btn ff-btn-submit ff-btn-md ff_btn_style\" >Download the Tech M&amp;A in CEE | November 2025<\/button><\/div><\/fieldset><input type=\"hidden\" name=\"trp-form-language\" value=\"ro\"\/><\/form><div id='fluentform_10_errors' class='ff-errors-in-stack ff_form_instance_10_1 ff-form-loading_errors ff_form_instance_10_1_errors'><\/div><\/div>        <script type=\"text\/javascript\">\n            window.fluent_form_ff_form_instance_10_1 = {\"id\":\"10\",\"settings\":{\"layout\":{\"labelPlacement\":\"top\",\"helpMessagePlacement\":\"with_label\",\"errorMessagePlacement\":\"inline\"},\"restrictions\":{\"denyEmptySubmission\":{\"enabled\":false}}},\"form_instance\":\"ff_form_instance_10_1\",\"form_id_selector\":\"fluentform_10\",\"rules\":{\"gdpr-agreement\":{\"required\":{\"value\":true,\"message\":\"This field is required\",\"global_message\":\"This field is required\",\"global\":true}}},\"debounce_time\":300};\n                    <\/script>\n                    <\/div>\n\n            \t\t<\/div>\n\t\t\t\t<\/div>\n\t\t\t\t\t<\/div>\n\t\t<\/div>\n\t\t\t\t<div class=\"elementor-column elementor-col-50 elementor-inner-column elementor-element elementor-element-28f8aa5\" data-id=\"28f8aa5\" data-element_type=\"column\">\n\t\t\t<div class=\"elementor-widget-wrap elementor-element-populated\">\n\t\t\t\t\t\t<div class=\"elementor-element elementor-element-6e1e57e elementor-widget elementor-widget-image\" data-id=\"6e1e57e\" data-element_type=\"widget\" data-widget_type=\"image.default\">\n\t\t\t\t<div class=\"elementor-widget-container\">\n\t\t\t\t\t\t\t\t\t\t\t\t\t<img fetchpriority=\"high\" decoding=\"async\" width=\"1024\" height=\"572\" src=\"https:\/\/invescom.hu\/wp-content\/uploads\/2025\/11\/tech-ma-report-thumbnail.webp\" class=\"attachment-full size-full wp-image-3216\" alt=\"\" srcset=\"https:\/\/invescom.hu\/wp-content\/uploads\/2025\/11\/tech-ma-report-thumbnail.webp 1024w, https:\/\/invescom.hu\/wp-content\/uploads\/2025\/11\/tech-ma-report-thumbnail-300x168.webp 300w, https:\/\/invescom.hu\/wp-content\/uploads\/2025\/11\/tech-ma-report-thumbnail-768x429.webp 768w, https:\/\/invescom.hu\/wp-content\/uploads\/2025\/11\/tech-ma-report-thumbnail-18x10.webp 18w\" sizes=\"(max-width: 1024px) 100vw, 1024px\" \/>\t\t\t\t\t\t\t\t\t\t\t\t\t<\/div>\n\t\t\t\t<\/div>\n\t\t\t\t\t<\/div>\n\t\t<\/div>\n\t\t\t\t\t<\/div>\n\t\t<\/section>\n\t\t\t\t\t<\/div>\n\t\t<\/div>\n\t\t\t\t\t<\/div>\n\t\t<\/section>\n\t\t\t\t<\/div>","protected":false},"excerpt":{"rendered":"<p>TECH M&amp;A REPORT | November 2025 Welcome to the November 2025 issue of Tech M&amp;A in CEE, a biannual report focusing on M&amp;A (mergers &amp; acquisitions) trends and valuation levels in the Central and Eastern European technology sector. Content Scaling tech businesses via M&#038;A \u2013 CEE success stories Information and 2025 H1 statistics on M&#038;A [&hellip;]<\/p>","protected":false},"author":5,"featured_media":0,"parent":0,"menu_order":0,"comment_status":"closed","ping_status":"closed","template":"","meta":{"footnotes":""},"class_list":["post-3202","page","type-page","status-publish","hentry"],"yoast_head":"<!-- This site is optimized with the Yoast SEO plugin v24.0 - https:\/\/yoast.com\/wordpress\/plugins\/seo\/ -->\n<title>Tech MA Report h12025 - Invescom - Tulajdonosi \u00e9rt\u00e9ket maximaliz\u00e1lunk<\/title>\n<meta name=\"description\" content=\"Invescom: A lehet\u0151 legjobb elad\u00e1si, vagy v\u00e9teli \u00e1rat \u00e9s optim\u00e1lis tranzakci\u00f3s felt\u00e9teleket \u00e9r\u00fcnk el az \u00fcgyfeleink sz\u00e1m\u00e1ra.\" \/>\n<meta name=\"robots\" content=\"index, follow, max-snippet:-1, max-image-preview:large, max-video-preview:-1\" \/>\n<link rel=\"canonical\" href=\"https:\/\/invescom.hu\/ro\/tech-ma-report-h12025\/\" \/>\n<meta property=\"og:locale\" content=\"ro_RO\" \/>\n<meta property=\"og:type\" content=\"article\" \/>\n<meta property=\"og:title\" content=\"Tech MA Report h12025 - Invescom - Tulajdonosi \u00e9rt\u00e9ket maximaliz\u00e1lunk\" \/>\n<meta property=\"og:description\" content=\"Invescom: A lehet\u0151 legjobb elad\u00e1si, vagy v\u00e9teli \u00e1rat \u00e9s optim\u00e1lis tranzakci\u00f3s felt\u00e9teleket \u00e9r\u00fcnk el az \u00fcgyfeleink sz\u00e1m\u00e1ra.\" \/>\n<meta property=\"og:url\" content=\"https:\/\/invescom.hu\/ro\/tech-ma-report-h12025\/\" \/>\n<meta property=\"og:site_name\" content=\"Invescom\" \/>\n<meta property=\"article:modified_time\" content=\"2025-11-25T11:06:52+00:00\" \/>\n<meta property=\"og:image\" content=\"https:\/\/invescom.hu\/wp-content\/uploads\/2025\/11\/tech-ma-report-thumbnail.webp\" \/>\n\t<meta property=\"og:image:width\" content=\"1024\" \/>\n\t<meta property=\"og:image:height\" content=\"572\" \/>\n\t<meta property=\"og:image:type\" content=\"image\/webp\" \/>\n<meta name=\"twitter:card\" content=\"summary_large_image\" \/>\n<meta name=\"twitter:label1\" content=\"Timp estimat pentru citire\" \/>\n\t<meta name=\"twitter:data1\" content=\"1 minut\" \/>\n<script type=\"application\/ld+json\" class=\"yoast-schema-graph\">{\"@context\":\"https:\/\/schema.org\",\"@graph\":[{\"@type\":\"WebPage\",\"@id\":\"https:\/\/invescom.hu\/tech-ma-report-h12025\/\",\"url\":\"https:\/\/invescom.hu\/tech-ma-report-h12025\/\",\"name\":\"Tech MA Report h12025 - Invescom - Tulajdonosi \u00e9rt\u00e9ket maximaliz\u00e1lunk\",\"isPartOf\":{\"@id\":\"https:\/\/invescom.hu\/#website\"},\"primaryImageOfPage\":{\"@id\":\"https:\/\/invescom.hu\/tech-ma-report-h12025\/#primaryimage\"},\"image\":{\"@id\":\"https:\/\/invescom.hu\/tech-ma-report-h12025\/#primaryimage\"},\"thumbnailUrl\":\"https:\/\/invescom.hu\/wp-content\/uploads\/2025\/11\/tech-ma-report-thumbnail.webp\",\"datePublished\":\"2025-11-18T10:04:57+00:00\",\"dateModified\":\"2025-11-25T11:06:52+00:00\",\"description\":\"Invescom: A lehet\u0151 legjobb elad\u00e1si, vagy v\u00e9teli \u00e1rat \u00e9s optim\u00e1lis tranzakci\u00f3s felt\u00e9teleket \u00e9r\u00fcnk el az \u00fcgyfeleink sz\u00e1m\u00e1ra.\",\"breadcrumb\":{\"@id\":\"https:\/\/invescom.hu\/tech-ma-report-h12025\/#breadcrumb\"},\"inLanguage\":\"ro-RO\",\"potentialAction\":[{\"@type\":\"ReadAction\",\"target\":[\"https:\/\/invescom.hu\/tech-ma-report-h12025\/\"]}]},{\"@type\":\"ImageObject\",\"inLanguage\":\"ro-RO\",\"@id\":\"https:\/\/invescom.hu\/tech-ma-report-h12025\/#primaryimage\",\"url\":\"https:\/\/invescom.hu\/wp-content\/uploads\/2025\/11\/tech-ma-report-thumbnail.webp\",\"contentUrl\":\"https:\/\/invescom.hu\/wp-content\/uploads\/2025\/11\/tech-ma-report-thumbnail.webp\"},{\"@type\":\"BreadcrumbList\",\"@id\":\"https:\/\/invescom.hu\/tech-ma-report-h12025\/#breadcrumb\",\"itemListElement\":[{\"@type\":\"ListItem\",\"position\":1,\"name\":\"Kezd\u0151lap\",\"item\":\"https:\/\/invescom.hu\/\"},{\"@type\":\"ListItem\",\"position\":2,\"name\":\"Tech MA Report h12025\"}]},{\"@type\":\"WebSite\",\"@id\":\"https:\/\/invescom.hu\/#website\",\"url\":\"https:\/\/invescom.hu\/\",\"name\":\"Invescom\",\"description\":\"A lehet\u0151 legjobb elad\u00e1si, vagy v\u00e9teli \u00e1rat \u00e9s optim\u00e1lis tranzakci\u00f3s felt\u00e9teleket \u00e9r\u00fcnk el az \u00fcgyfeleink sz\u00e1m\u00e1ra.\",\"publisher\":{\"@id\":\"https:\/\/invescom.hu\/#organization\"},\"alternateName\":\"Invescom\",\"potentialAction\":[{\"@type\":\"SearchAction\",\"target\":{\"@type\":\"EntryPoint\",\"urlTemplate\":\"https:\/\/invescom.hu\/?s={search_term_string}\"},\"query-input\":{\"@type\":\"PropertyValueSpecification\",\"valueRequired\":true,\"valueName\":\"search_term_string\"}}],\"inLanguage\":\"ro-RO\"},{\"@type\":\"Organization\",\"@id\":\"https:\/\/invescom.hu\/#organization\",\"name\":\"Invescom T\u0151kebefektet\u00e9si Tan\u00e1csad\u00f3 Kft.\",\"alternateName\":\"Invescom\",\"url\":\"https:\/\/invescom.hu\/\",\"logo\":{\"@type\":\"ImageObject\",\"inLanguage\":\"ro-RO\",\"@id\":\"https:\/\/invescom.hu\/#\/schema\/logo\/image\/\",\"url\":\"https:\/\/invescom.hu\/wp-content\/uploads\/2023\/01\/ref-logo-invescom-kiemelt-1.png\",\"contentUrl\":\"https:\/\/invescom.hu\/wp-content\/uploads\/2023\/01\/ref-logo-invescom-kiemelt-1.png\",\"width\":499,\"height\":332,\"caption\":\"Invescom T\u0151kebefektet\u00e9si Tan\u00e1csad\u00f3 Kft.\"},\"image\":{\"@id\":\"https:\/\/invescom.hu\/#\/schema\/logo\/image\/\"},\"sameAs\":[\"https:\/\/www.linkedin.com\/company\/invescom-corporate-finance\/\"]}]}<\/script>\n<!-- \/ Yoast SEO plugin. -->","yoast_head_json":{"title":"Tech MA Report h12025 - Invescom - Tulajdonosi \u00e9rt\u00e9ket maximaliz\u00e1lunk","description":"Invescom: A lehet\u0151 legjobb elad\u00e1si, vagy v\u00e9teli \u00e1rat \u00e9s optim\u00e1lis tranzakci\u00f3s felt\u00e9teleket \u00e9r\u00fcnk el az \u00fcgyfeleink sz\u00e1m\u00e1ra.","robots":{"index":"index","follow":"follow","max-snippet":"max-snippet:-1","max-image-preview":"max-image-preview:large","max-video-preview":"max-video-preview:-1"},"canonical":"https:\/\/invescom.hu\/ro\/tech-ma-report-h12025\/","og_locale":"ro_RO","og_type":"article","og_title":"Tech MA Report h12025 - Invescom - Tulajdonosi \u00e9rt\u00e9ket maximaliz\u00e1lunk","og_description":"Invescom: A lehet\u0151 legjobb elad\u00e1si, vagy v\u00e9teli \u00e1rat \u00e9s optim\u00e1lis tranzakci\u00f3s felt\u00e9teleket \u00e9r\u00fcnk el az \u00fcgyfeleink sz\u00e1m\u00e1ra.","og_url":"https:\/\/invescom.hu\/ro\/tech-ma-report-h12025\/","og_site_name":"Invescom","article_modified_time":"2025-11-25T11:06:52+00:00","og_image":[{"width":1024,"height":572,"url":"https:\/\/invescom.hu\/wp-content\/uploads\/2025\/11\/tech-ma-report-thumbnail.webp","type":"image\/webp"}],"twitter_card":"summary_large_image","twitter_misc":{"Timp estimat pentru citire":"1 minut"},"schema":{"@context":"https:\/\/schema.org","@graph":[{"@type":"WebPage","@id":"https:\/\/invescom.hu\/tech-ma-report-h12025\/","url":"https:\/\/invescom.hu\/tech-ma-report-h12025\/","name":"Tech MA Report h12025 - Invescom - Tulajdonosi \u00e9rt\u00e9ket maximaliz\u00e1lunk","isPartOf":{"@id":"https:\/\/invescom.hu\/#website"},"primaryImageOfPage":{"@id":"https:\/\/invescom.hu\/tech-ma-report-h12025\/#primaryimage"},"image":{"@id":"https:\/\/invescom.hu\/tech-ma-report-h12025\/#primaryimage"},"thumbnailUrl":"https:\/\/invescom.hu\/wp-content\/uploads\/2025\/11\/tech-ma-report-thumbnail.webp","datePublished":"2025-11-18T10:04:57+00:00","dateModified":"2025-11-25T11:06:52+00:00","description":"Invescom: A lehet\u0151 legjobb elad\u00e1si, vagy v\u00e9teli \u00e1rat \u00e9s optim\u00e1lis tranzakci\u00f3s felt\u00e9teleket \u00e9r\u00fcnk el az \u00fcgyfeleink sz\u00e1m\u00e1ra.","breadcrumb":{"@id":"https:\/\/invescom.hu\/tech-ma-report-h12025\/#breadcrumb"},"inLanguage":"ro-RO","potentialAction":[{"@type":"ReadAction","target":["https:\/\/invescom.hu\/tech-ma-report-h12025\/"]}]},{"@type":"ImageObject","inLanguage":"ro-RO","@id":"https:\/\/invescom.hu\/tech-ma-report-h12025\/#primaryimage","url":"https:\/\/invescom.hu\/wp-content\/uploads\/2025\/11\/tech-ma-report-thumbnail.webp","contentUrl":"https:\/\/invescom.hu\/wp-content\/uploads\/2025\/11\/tech-ma-report-thumbnail.webp"},{"@type":"BreadcrumbList","@id":"https:\/\/invescom.hu\/tech-ma-report-h12025\/#breadcrumb","itemListElement":[{"@type":"ListItem","position":1,"name":"Kezd\u0151lap","item":"https:\/\/invescom.hu\/"},{"@type":"ListItem","position":2,"name":"Tech MA Report h12025"}]},{"@type":"WebSite","@id":"https:\/\/invescom.hu\/#website","url":"https:\/\/invescom.hu\/","name":"Invescom","description":"A lehet\u0151 legjobb elad\u00e1si, vagy v\u00e9teli \u00e1rat \u00e9s optim\u00e1lis tranzakci\u00f3s felt\u00e9teleket \u00e9r\u00fcnk el az \u00fcgyfeleink sz\u00e1m\u00e1ra.","publisher":{"@id":"https:\/\/invescom.hu\/#organization"},"alternateName":"Invescom","potentialAction":[{"@type":"SearchAction","target":{"@type":"EntryPoint","urlTemplate":"https:\/\/invescom.hu\/?s={search_term_string}"},"query-input":{"@type":"PropertyValueSpecification","valueRequired":true,"valueName":"search_term_string"}}],"inLanguage":"ro-RO"},{"@type":"Organization","@id":"https:\/\/invescom.hu\/#organization","name":"Invescom T\u0151kebefektet\u00e9si Tan\u00e1csad\u00f3 Kft.","alternateName":"Invescom","url":"https:\/\/invescom.hu\/","logo":{"@type":"ImageObject","inLanguage":"ro-RO","@id":"https:\/\/invescom.hu\/#\/schema\/logo\/image\/","url":"https:\/\/invescom.hu\/wp-content\/uploads\/2023\/01\/ref-logo-invescom-kiemelt-1.png","contentUrl":"https:\/\/invescom.hu\/wp-content\/uploads\/2023\/01\/ref-logo-invescom-kiemelt-1.png","width":499,"height":332,"caption":"Invescom T\u0151kebefektet\u00e9si Tan\u00e1csad\u00f3 Kft."},"image":{"@id":"https:\/\/invescom.hu\/#\/schema\/logo\/image\/"},"sameAs":["https:\/\/www.linkedin.com\/company\/invescom-corporate-finance\/"]}]}},"_links":{"self":[{"href":"https:\/\/invescom.hu\/ro\/wp-json\/wp\/v2\/pages\/3202","targetHints":{"allow":["GET"]}}],"collection":[{"href":"https:\/\/invescom.hu\/ro\/wp-json\/wp\/v2\/pages"}],"about":[{"href":"https:\/\/invescom.hu\/ro\/wp-json\/wp\/v2\/types\/page"}],"author":[{"embeddable":true,"href":"https:\/\/invescom.hu\/ro\/wp-json\/wp\/v2\/users\/5"}],"replies":[{"embeddable":true,"href":"https:\/\/invescom.hu\/ro\/wp-json\/wp\/v2\/comments?post=3202"}],"version-history":[{"count":11,"href":"https:\/\/invescom.hu\/ro\/wp-json\/wp\/v2\/pages\/3202\/revisions"}],"predecessor-version":[{"id":3219,"href":"https:\/\/invescom.hu\/ro\/wp-json\/wp\/v2\/pages\/3202\/revisions\/3219"}],"wp:attachment":[{"href":"https:\/\/invescom.hu\/ro\/wp-json\/wp\/v2\/media?parent=3202"}],"curies":[{"name":"wp","href":"https:\/\/api.w.org\/{rel}","templated":true}]}}